{"id":167,"date":"2025-05-29T08:06:04","date_gmt":"2025-05-29T08:06:04","guid":{"rendered":"https:\/\/kpkk.hkdrustvo.hr\/?page_id=167"},"modified":"2025-07-21T11:12:44","modified_gmt":"2025-07-21T11:12:44","slug":"basic-ana-1931-1996","status":"publish","type":"page","link":"https:\/\/kpkk.hkdrustvo.hr\/index.php\/basic-ana-1931-1996\/","title":{"rendered":"BA\u0160I\u0106, Ana (1931. &#8211; 1996.)"},"content":{"rendered":"<figure class=\"wp-block-image size-full is-resized\"><img loading=\"lazy\" decoding=\"async\" width=\"598\" height=\"372\" src=\"https:\/\/kpkk.hkdrustvo.hr\/wp-content\/uploads\/2025\/05\/Ana-Basic.jpg\" alt=\"\" class=\"wp-image-170\" style=\"width:394px;height:auto\" srcset=\"https:\/\/kpkk.hkdrustvo.hr\/wp-content\/uploads\/2025\/05\/Ana-Basic.jpg 598w, https:\/\/kpkk.hkdrustvo.hr\/wp-content\/uploads\/2025\/05\/Ana-Basic-300x187.jpg 300w\" sizes=\"auto, (max-width: 598px) 100vw, 598px\" \/><\/figure><p><strong>Biografija<\/strong><\/p><p>Ana Ba\u0161i\u0107, hrvatska knji\u017eni\u010darka (Vranjic 1. lipnja 1931. \u2013 16. sije\u010dnja 1996.), nakon studija hrvatskog jezika i jugoslavenskih knji\u017eevnosti na Filozofskom fakultetu u Zadru zaposlena je od 1958. u Nau\u010dnoj biblioteci u Splitu. Godine 1965. do 1970. radi u Institutu za me\u0111unarodnu studije u K\u00f6lnu a od 1972. na Ekonomskom fakultetu u Splitu gdje je utemeljila knji\u017enicu i bila njezinom voditeljicom do umirovljenja 1986. Jedna je od pokreta\u010dica i organizatorica Interfakultetske konferencije bibliotekara ekonomskih fakulteta Jugoslavije i u tom tijelu \u010dlanica Komisije za katalogizaciju i Komisije za specijalizaciju ekonomskih znanosti. Tako\u0111er je bila \u010dlanica Komisije za bibliotekarsku djelatnost SIZ-a u oblasti kulture op\u0107ine Split i \u010dlan Radne grupe za izradu elaborata o BIS-u u Zajednici op\u0107ina Split. \u010clanicom Dru\u0161tva bibliotekara Split postaje od samog po\u010detka rada u struci. Od 1975.-1977. \u010dlanica je Upravnog odbora, a od 1979. te 1979.-1981. predsjednica je Dru\u0161tva. Na istu du\u017enost izabrana je i za razdoblje 1981.-1983., kada je, zbog njezina lo\u0161eg zdravstvenog stanja, du\u017enost predsjednika obavljala njezina zamjenica. Sudjelovala je i u radu Hrvatskog bibliotekarskog dru\u0161tva kao \u010dlanica Glavnog odbora, a u jednom mandatnom razdoblju i njegova potpredsjednica. Birana je u mnoge odbore i komisije (Komisiju za bibliografiju, Komisiju za univerzitetske i op\u0107enau\u010dne biblioteke, Sekciju za znanstvene biblioteke, Odbor za nau\u010dne i specijalne biblioteke SRH).<\/p><p><strong><br>Bibliografija<\/strong><br><br>Bibliografija \u010dasopisa \u201cPrivreda Dalmacije\u201d za razdoblje 1964-1973. godine. Privreda Dalmacije, 11(1974), 7-8, str. 17-44.<br>20 godina \u201ePrivreda Dalmacije\u201c. Bibliografski prikaz. Privreda Dalmacije, (1984), 7, str. 46.<br>Ba\u0161i\u0107, Ana. Razvitak biblioteke Ekonomskog fakulteta u Splitu. Glasnik Dru\u0161tva bibliotekara Split, 2 (1991), str. 22-24.<\/p><p><br><strong>Izvori<\/strong><br><br>Glasnik Dru\u0161tva bibliotekara Split, 4\/1996, str. 123-124.<\/p><p><\/p>","protected":false},"excerpt":{"rendered":"<p>Biografija Ana Ba\u0161i\u0107, hrvatska knji\u017eni\u010darka (Vranjic 1. lipnja 1931. \u2013 16. sije\u010dnja 1996.), nakon studija hrvatskog jezika i jugoslavenskih knji\u017eevnosti na Filozofskom fakultetu u Zadru zaposlena je od 1958. u Nau\u010dnoj biblioteci u Splitu. Godine 1965. do 1970. radi u Institutu za me\u0111unarodnu studije u K\u00f6lnu a od 1972. na Ekonomskom fakultetu u Splitu gdje [&hellip;]<\/p>\n","protected":false},"author":1,"featured_media":0,"parent":0,"menu_order":0,"comment_status":"closed","ping_status":"closed","template":"","meta":{"footnotes":""},"class_list":["post-167","page","type-page","status-publish","hentry"],"_links":{"self":[{"href":"https:\/\/kpkk.hkdrustvo.hr\/index.php\/wp-json\/wp\/v2\/pages\/167","targetHints":{"allow":["GET"]}}],"collection":[{"href":"https:\/\/kpkk.hkdrustvo.hr\/index.php\/wp-json\/wp\/v2\/pages"}],"about":[{"href":"https:\/\/kpkk.hkdrustvo.hr\/index.php\/wp-json\/wp\/v2\/types\/page"}],"author":[{"embeddable":true,"href":"https:\/\/kpkk.hkdrustvo.hr\/index.php\/wp-json\/wp\/v2\/users\/1"}],"replies":[{"embeddable":true,"href":"https:\/\/kpkk.hkdrustvo.hr\/index.php\/wp-json\/wp\/v2\/comments?post=167"}],"version-history":[{"count":4,"href":"https:\/\/kpkk.hkdrustvo.hr\/index.php\/wp-json\/wp\/v2\/pages\/167\/revisions"}],"predecessor-version":[{"id":498,"href":"https:\/\/kpkk.hkdrustvo.hr\/index.php\/wp-json\/wp\/v2\/pages\/167\/revisions\/498"}],"wp:attachment":[{"href":"https:\/\/kpkk.hkdrustvo.hr\/index.php\/wp-json\/wp\/v2\/media?parent=167"}],"curies":[{"name":"wp","href":"https:\/\/api.w.org\/{rel}","templated":true}]}}