{"id":171,"date":"2025-05-29T08:08:20","date_gmt":"2025-05-29T08:08:20","guid":{"rendered":"https:\/\/kpkk.hkdrustvo.hr\/?page_id=171"},"modified":"2025-07-21T11:12:45","modified_gmt":"2025-07-21T11:12:45","slug":"cuckovic-dana-1892-1978","status":"publish","type":"page","link":"https:\/\/kpkk.hkdrustvo.hr\/index.php\/cuckovic-dana-1892-1978\/","title":{"rendered":"\u010cU\u010cKOVI\u0106, Dana (1892. &#8211; 1978.)"},"content":{"rendered":"<p><\/p><p><strong>Biografija<\/strong><\/p><p>Dana \u010cu\u010dkovi\u0107 ro\u0111ena je u 1892. godine u Zagrebu, gdje je i umrla 1978. godine. Nakon zavr\u0161enog osnovnog i srednjeg obrazovanja, zapo\u010dela je praksu u ljekarni, jer je jo\u0161 od rane dobi pokazivala izrazit interes za botaniku i druge prirodne znanosti. Godine 1913. upisuje na Filozofskom fakultetu Farmaceutski odsjek, te 1915. i 1916. godine pola\u017ee s odli\u010dnim uspjehom dva stroga farmaceutska ispita. Od 1916. do 1934. godine radi kao ljekarni\u010dka slu\u017ebenica, a nakon toga iz obiteljskih razloga napu\u0161ta posao. Od ku\u0107e se posve\u0107uje znanstvenom radu, publiciraju\u0107i svoje rezultate u nizu onda\u0161njih prirodoslovnih glasila. Nastavlja studij na Filozofskom fakultetu, te godine 1939. doktorira disertacijom \u201ePrilog farmakogno\u0161kom istra\u017eivanju crnocrvenog kukurijeka\u201c. U knji\u017eni\u010darsku profesiju ulazi godine 1941., kada se zapo\u0161ljava u tada\u0161njoj Sveu\u010dili\u0161noj knji\u017enici u zanimanju \u201eknji\u017eni\u010dni asistent \u2013 vje\u017ebenik\u201c. Istovremeno nastavlja svoj rad na podru\u010dju farmakologije, te godine 1942. U vlastitoj nakladi objavljuje vrlo vrijedno djelo \u201eO povijesti i pu\u010dkom poznavanju nekih ljekovitih biljaka<em>.<\/em>\u201c<em>&nbsp;<\/em>Aktivno je sudjelovala u izobrazbi mladih knji\u017eni\u010dara, naro\u010dito nakon umirovljenja 1953. godine. Predavala je na te\u010dajevima, te objavljivala u stru\u010dnim \u010dasopisima. Posebno podru\u010dje njenog interesa bilo je za\u0161tita i \u010duvanje knji\u017ene gra\u0111e, o \u010demu objavljuje knjigu. Iz podru\u010dja \u010duvanja i za\u0161tite gra\u0111e bila je dugo vremena ispitiva\u010dica na stru\u010dnim knji\u017eni\u010darskim ispitima. Pi\u0161e u \u201eVjesniku bibliotekara Hrvatske\u201c i \u201eNarodnoj knji\u017enici\u201c prikaze stranih knjiga i \u010dasopisa, te stru\u010dne \u010dlanke sa podru\u010dja za\u0161tite knji\u017ene gra\u0111e i povijesti knji\u017enica. Bavila se i prevo\u0111enjem stru\u010dnih radova s podru\u010dja knji\u017eni\u010darstva.Od samih po\u010detaka bila je aktivna \u010dlanica Hrvatskog bibliotekarskog dru\u0161tva u koje se u\u010dlanila odmah po zapo\u0161ljavanju u knji\u017enici, godine 1941. U znak priznanja za zasluge na unapre\u0111enju knji\u017eni\u010darstva godine 1968. dodijeljena joj je \u201eKukuljevi\u0107eva povelja\u201c<em>.<\/em>&nbsp;Vrijedno je napomenuti da je prilikom odlaska u dom umirovljenika, ve\u0107i dio svoje bogate knji\u017enice nesebi\u010dno ostavila Nacionalnoj i sveu\u010dili\u0161noj knji\u017enici. Ovdje prilo\u017een popis radova obuhva\u0107a njene autorske radove sa podru\u010dja knji\u017eni\u010darstva. Od posebnog je interesa Dane \u010cu\u010dkovi\u0107 bilo podru\u010dje za\u0161tite i \u010duvanja gra\u0111e, povezano sa njenim usmjerenjem prema &nbsp;prirodnim znanostima Ve\u0107ina ovdje prikazanih radova nastala je nakon odlaska u mirovinu.<\/p><p><strong>Bibliografija<\/strong><\/p><p>\u010cu\u010dkovi\u0107, Dana. Zentralblatt fuer Bibliothekswesen \/\/ Vjesnik bibliotekara Hrvatske, 1, 1\/3(1950), &nbsp;213-215.<\/p><p>\u010cu\u010dkovi\u0107, Dana. Bilten Udru\u017eenja izdava\u010dkih poduze\u0107a NR Hrvatske. Zagreb. God. I\/1951. br 1-3. \/\/ Vjesnik bibliotekara Hrvatske, 1, 4(1950), &nbsp;331-332.<\/p><p>\u010cu\u010dkovi\u0107, Dana. \u010cuvanje i za\u0161tita knjiga u knji\u017enicama. Zagreb : Kultura, 1956.<\/p><p>Bibliotekarska literatura tiskana na podru\u010dju NR Hrvatske u razdoblju 1945. do kraja &nbsp;&nbsp;1959. godine \/\/ Narodna knji\u017enica br. 5\/6(1960), 186-197.<\/p><p>Pregled novije literature o konzerviranju knjiga i dokumenata &nbsp;\/\/ Vjesnik bibliotekara Hrvatske, 7, 3\/4(1961), &nbsp;226-232.<\/p><p>Iz povijesti knji\u017enice Zbora lije\u010dnika Hrvatske (1874-1932) \/\/ Vjesnik bibliotekara Hrvatske, 9, 1\/2(1963), &nbsp;1-19.<\/p><p><\/p><p><strong>Izvori<\/strong><\/p><p>J. (Juri\u0107, \u0160ime). Dr. Dana \u010cu\u010dkovi\u0107 : 13. VII. 1892.- 27. XII 1978. \/\/ Vjesnik bibliotekara Hrvatske, 23, 1\/4(1977-1978), 187-188.<\/p><p>Se\u010di\u0107, Dora. Dobitnici Kukuljevi\u0107eve povelje \/\/ Hrvatsko knji\u017eni\u010darsko dru\u0161tvo 14.III. 1940. \u2013 14. III. 2000. : spomenica \/ &nbsp;ur. Daniela \u017divkovi\u0107\u2026\/et al.\/ Zagreb : Hrvatsko knji\u017eni\u010darsko dru\u0161tvo, 2000., str. 141-142.<\/p><p>\u0160venda-Radeljak, Ksenija. Obrazovanje i status knji\u017eni\u010dara u Hrvatskoj do uvo\u0111enja studija bibliotekarstva. Zagreb: Sveu\u010dili\u0161te u Zagrebu Pravni fakultet, 2018. Str. 254-259.<\/p><p><\/p>","protected":false},"excerpt":{"rendered":"<p>Biografija Dana \u010cu\u010dkovi\u0107 ro\u0111ena je u 1892. godine u Zagrebu, gdje je i umrla 1978. godine. Nakon zavr\u0161enog osnovnog i srednjeg obrazovanja, zapo\u010dela je praksu u ljekarni, jer je jo\u0161 od rane dobi pokazivala izrazit interes za botaniku i druge prirodne znanosti. Godine 1913. upisuje na Filozofskom fakultetu Farmaceutski odsjek, te 1915. i 1916. godine [&hellip;]<\/p>\n","protected":false},"author":1,"featured_media":0,"parent":0,"menu_order":0,"comment_status":"closed","ping_status":"closed","template":"","meta":{"footnotes":""},"class_list":["post-171","page","type-page","status-publish","hentry"],"_links":{"self":[{"href":"https:\/\/kpkk.hkdrustvo.hr\/index.php\/wp-json\/wp\/v2\/pages\/171","targetHints":{"allow":["GET"]}}],"collection":[{"href":"https:\/\/kpkk.hkdrustvo.hr\/index.php\/wp-json\/wp\/v2\/pages"}],"about":[{"href":"https:\/\/kpkk.hkdrustvo.hr\/index.php\/wp-json\/wp\/v2\/types\/page"}],"author":[{"embeddable":true,"href":"https:\/\/kpkk.hkdrustvo.hr\/index.php\/wp-json\/wp\/v2\/users\/1"}],"replies":[{"embeddable":true,"href":"https:\/\/kpkk.hkdrustvo.hr\/index.php\/wp-json\/wp\/v2\/comments?post=171"}],"version-history":[{"count":4,"href":"https:\/\/kpkk.hkdrustvo.hr\/index.php\/wp-json\/wp\/v2\/pages\/171\/revisions"}],"predecessor-version":[{"id":230,"href":"https:\/\/kpkk.hkdrustvo.hr\/index.php\/wp-json\/wp\/v2\/pages\/171\/revisions\/230"}],"wp:attachment":[{"href":"https:\/\/kpkk.hkdrustvo.hr\/index.php\/wp-json\/wp\/v2\/media?parent=171"}],"curies":[{"name":"wp","href":"https:\/\/api.w.org\/{rel}","templated":true}]}}