{"id":185,"date":"2025-05-29T08:24:42","date_gmt":"2025-05-29T08:24:42","guid":{"rendered":"https:\/\/kpkk.hkdrustvo.hr\/?page_id=185"},"modified":"2025-07-21T11:12:45","modified_gmt":"2025-07-21T11:12:45","slug":"malbasa-marija-1909-1995","status":"publish","type":"page","link":"https:\/\/kpkk.hkdrustvo.hr\/index.php\/malbasa-marija-1909-1995\/","title":{"rendered":"MALBA\u0160A, Marija (1909. &#8211; 1995.)"},"content":{"rendered":"<figure class=\"wp-block-image size-large\"><img decoding=\"async\" src=\"https:\/\/kpkk.hkdrustvo.hr\/wp-content\/uploads\/2025\/06\/MALBASA-1-edited.png\" alt=\"\"\/><\/figure><p><strong>Biografija<\/strong><\/p><p>Ro\u0111ena je 1909. u Osijeku, a umrla 1995. u Zagrebu. \u010citav je svoj radni vijek posvetila &nbsp;promicanju dvaju znanstvenih podru\u010dja: hrvatske povijesti i knji\u017eni\u010darstva. U knji\u017eni\u010darstvo je u\u0161la nakon niza godina (1933.-1951.) &nbsp;profesorskog rada na osje\u010dkoj \u017eenskoj realnoj gimnaziji &nbsp;Godine 1951. dolazi na radno mjesto voditeljice knji\u017enice osje\u010dkog Muzeja Slavonije, umjesto Danice Pinterovi\u0107, dotada\u0161nje knji\u017eni\u010darke, koja preuzima upravu Muzeja. Na tom radnom mjestu ostaje do umirovljenja 1968. godine.Rje\u0161enjem Savjeta za prosvjetu i kulturu NRH, od 1. svibnja 1952. godine prevodi se u zvanje bibliotekara. Radovi Marije Malba\u0161a obuhva\u0107aju razdoblje od pedesetih do osamdesetih godina 20. stolje\u0107a. Uglavnom su knji\u017eni\u010darskog i povijesnog karaktera, te usmjereni na povijesni razvoj tiskarstva i izdava\u010dke djelatnosti Osijeka i slavonsko-baranjskog podru\u010dja. Po svom obimu i kvaliteti, oni nisu samo istra\u017eivanje izdava\u010dko-tiskarske djelatnosti, ve\u0107 daju povijesni prikaz \u010ditavog kulturnog, politi\u010dkog i dru\u0161tvenog \u017eivota tog podru\u010dja u razdoblju od gotovo dva stolje\u0107a. Ujedno i knji\u017eni\u010darka i povjesni\u010darka objavljuje u stru\u010dnim glasilima obiju profesija, a posebice u \u201eOsje\u010dkom zborniku\u201c, mati\u010dnoj publikaciji Muzeja Slavonije i Baranje, ali i u ostalim glasilima muzeolo\u0161ko-povijesnog karaktera: \u201eZborniku \u0110akov\u0161tine\u201c, \u201eZborniku slavonskih muzeja\u201c i \u201eGlasniku slavonskih muzeja.\u201c. &nbsp;Primjere dobre knji\u017eni\u010darske prakse, primjerice prikaz knji\u017enice, radovi o poslovima razmjene publikacija i sli\u010dno objavljuje u \u201eVjesniku bibliotekara Hrvatske\u201c. &nbsp;Centar za znanstveni rad &nbsp;JAZU, \u010dija je postala vanjska suradnica. Kao voditeljica Knji\u017enice redovito je dopunjavala njen fond mnogim znanstvenim i stru\u010dnim djelima svih podru\u010dja. Vodila je razgranatu razmjenu u zemlji i inozemstvu razmjenjuju\u0107i uglavnom \u201eOsje\u010dki zbornik\u201c, u kojem je i sama mnogo objavljivala. Pri tome je sura\u0111ivala &nbsp;s istra\u017eiva\u010dima zainteresiranim za bogatu gra\u0111u muzeja, ne \u017eale\u0107i ni truda ni anga\u017emana kako bi pribavila i poslala potrebnu gra\u0111u. Aleksandar Stip\u010devi\u0107 godine 1967. poziva je na suradnju na izradbi publikacija o pojedinim va\u017enim bibliotekama, u cilju pripremanja uvjeta za stvaranje sinteze o povijesti hrvatskog knji\u017eni\u010darstva. Ta je suradnja rezultirala objavljivanjem \u201ePovijesti tiskarstva\u201c 1978. godine, te intenzivnim radom na \u201eOsje\u010dkoj bibliografiji\u201c. Od samog po\u010detka osnutka HKD-a, njegova je aktivna \u010dlanica, i jedna od osniva\u010dica Dru\u0161tva knji\u017eni\u010dara Slavonije i Baranje. Godine 1951., postaje prva povjerenica za podru\u010dje Isto\u010dne Slavonije. Godine 1962. unapre\u0111uje se u zvanje vi\u0161eg knji\u017eni\u010dara. Za svoje aktivnosti na promicanju knji\u017eni\u010darstva dobila je 1968. godine, \u201eKukuljevi\u0107evu povelju\u201c.<\/p><p><strong>Bibliografija<\/strong><\/p><p>Malba\u0161a, Marija. Stodvadeset i pet godina \u0161tamparske djelatnosti u Osijeku \/\/ Osje\u010dki zbornik, 4(1954), 105-140.<\/p><p>Malba\u0161a, Marija. Stodvadeset i pet godina \u0161tamparske djelatnosti u Osijeku \/\/ Osje\u010dki zbornik, 6(1956), 209-232.<\/p><p>Malba\u0161a, Marija. Izdava\u010dka djelatnost u Osijeku od sredine 18. Do po\u010detka 20. Stolje\u0107a \/\/ Osje\u010dki zbornik, 6(1958), 257-301.<\/p><p>Malba\u0161a, Marija. Muzejska knji\u017enica u Osijeku \/\/ Vjesnik bibliotekara Hrvatske 4, 1\/4(1955-1957), 164-165.<\/p><p>Malba\u0161a, Marija. Gradska knji\u017enica u Osijeku \/\/ Vjesnik bibliotekara Hrvatske 4, 1\/4(1955-1957), 165-166.<\/p><p>Malba\u0161a, Marija. Biblioteka \/\/ Osje\u010dki zbornik, 8(1962), 371-372.<\/p><p>Malba\u0161a, Marija. Zamjena publikacija \/\/ Osje\u010dki zbornik, 10(1965), 297-304.<\/p><p>Malba\u0161a, Marija. Zamjena publikacija \/\/ Osje\u010dki zbornik, 11(1967), 361-369.<\/p><p>Malba\u0161a, Marija. Knji\u017enica Radni\u010dkog obrazovnog dru\u0161tva u Osijeku \/\/ Vjesnik bibliotekara Hrvatske 14, 1\/2(1968), 109-113.<\/p><p>Malba\u0161a, Marija. Osje\u010dki bibliofil i bibliograf Oskar Firml-Antunovi\u0107 \/\/ Vjesnik bibliotekara Hrvatske 18, 1\/2(1972), 49-56.<\/p><p>Malba\u0161a, Marija. Povijest tiskarstva u Brodu \/\/ Slavonski narodni godi\u0161njak (1975.), 124-127.<\/p><p>Malba\u0161a, Marija. Stru\u010dno osoblje zaposleno u Muzeju od osnutka do danas \/\/ Osje\u010dki zbornik, 16(1977), 351-161.<\/p><p>Malba\u0161a, Marija. Povijest tiskarstva u Slavoniji. Zagreb : Hrvatsko bibliotekarsko dru\u0161tvo, 1978.<\/p><p>Malba\u0161a, Marija. Dodiri Osijeka sa srpskim tiskarstvom u 18. Stolje\u0107u \/\/ Vjesnik bibliotekara Hrvatske 25, 1\/4(1981), 107-117.<\/p><p>Malba\u0161a, Marija. Osje\u010dka bibliografija : tiskarsko-izdava\u010dka djelatnost u Osijeku : od 1742-1978. godine. Osijek : Jugoslavenska akademija znanosti i umjetnosti, Centar za znanstveni rad, 1981.<\/p><p><strong>Izvori<\/strong><\/p><p>Jaki\u0107, Tomislav. Marija Malba\u0161a: Bibliografia Essekiana : pregled osje\u010dkog tiska \/\/ Glas Slavonije, 21. travnja 1958.<\/p><p>Gali\u0107, Pavao. Marija Malba\u0161a : Osje\u010dka bibliografija \/\/ Bibliotekarstvo, 27, 99\/110(1981), 107-108.<\/p><p>Hedl, Drago. Osje\u010dka bibliografija \/\/ Glas Slavonije, 10. prosinca, 1981.<\/p><p>Bla\u017eekovi\u0107, Tatjana. Malba\u0161a, Marija: Osje\u010dka bibliografija : tiskarsko-izdava\u010dka djelatnost u Osijeku od 1742. do 1978. godine \/\/ Vjesnik bibliotekara Hrvatske 26, 1\/4(1982), 241-243..<\/p><p>Badun, Du\u0161ko. Uz knjigu sam emocionalno vezana\u2026: subotnji razgovor. \/\/ &nbsp;Glas Slavonije, 10. rujna 1983.<\/p><p>Bla\u017eanovi\u0107, Stjepan. M. Malba\u0161a : Osje\u010dka bibliografija. JAZU. Centar za znanstveni rad u Osijeku. \/\/ Brodski list, 9. rujna 1983.<\/p><p>Dra\u0161kovi\u0107, \u010cedo. Malba\u0161a Marija : Osje\u010dka bibliografija \/\/ Bibliografski vjesenik : \u010dasopis Dru\u0161tva bibliotekara Crne Gore, 12, 1(1983), 193-195.<\/p><p>Krarofil,Marija. Marija Malba\u0161a: Osje\u010dka bibliografija. Sv. 1. 1742-1944. \/\/ JAZU, 5, 11(1984), 45.<\/p><p>Bla\u017eek, Pavle. Malba\u0161a, Marija: Osje\u010dka bibliografija \/\/ Vjesnik bibliotekara Hrvatske 28, 1\/4(1985), 217-219.<\/p><p>Pavlini\u0107, Silva. Marija Malba\u0161a : 1909.-1995. \/\/ &nbsp;Vjesnik bibliotekara Hrvatske 38 (1995), 133<strong><em><strong><em>&nbsp;<\/em><\/strong><\/em><\/strong><strong><em><strong><em><\/em><\/strong><\/em><\/strong><\/p><p>Marijanovi\u0107, Sanja. Spomen na Mariju Malba\u0161u : prof. Marija Malba\u0161a ro\u0111. \u0160uster \/\/ Knji\u017eni\u010darstvo 1, 1(1997), str. 3-4.<\/p><p>Erl, Vera. Marija Malba\u0161a : godine sje\u0107anja \/\/ Kolo, 15, 2(2005), 311-331.<\/p><p>Vinaj, Marija. Marija Malba\u0161a : knji\u017eni\u010darka i muzealka Muzeja Slavonije u Osijeku \/\/ Kolo, 15, 2(2005), 332-343.<\/p><p>\u0160venda-Radeljak, Ksenija. Obrazovanje i status knji\u017eni\u010dara u Hrvatskoj do uvo\u0111enja studija bibliotekarstva. Zagreb: Sveu\u010dili\u0161te u Zagrebu Pravni fakultet, 2018. Str. 254-259.<\/p>","protected":false},"excerpt":{"rendered":"<p>Biografija Ro\u0111ena je 1909. u Osijeku, a umrla 1995. u Zagrebu. \u010citav je svoj radni vijek posvetila &nbsp;promicanju dvaju znanstvenih podru\u010dja: hrvatske povijesti i knji\u017eni\u010darstva. U knji\u017eni\u010darstvo je u\u0161la nakon niza godina (1933.-1951.) &nbsp;profesorskog rada na osje\u010dkoj \u017eenskoj realnoj gimnaziji &nbsp;Godine 1951. dolazi na radno mjesto voditeljice knji\u017enice osje\u010dkog Muzeja Slavonije, umjesto Danice Pinterovi\u0107, dotada\u0161nje [&hellip;]<\/p>\n","protected":false},"author":1,"featured_media":0,"parent":0,"menu_order":0,"comment_status":"closed","ping_status":"closed","template":"","meta":{"footnotes":""},"class_list":["post-185","page","type-page","status-publish","hentry"],"_links":{"self":[{"href":"https:\/\/kpkk.hkdrustvo.hr\/index.php\/wp-json\/wp\/v2\/pages\/185","targetHints":{"allow":["GET"]}}],"collection":[{"href":"https:\/\/kpkk.hkdrustvo.hr\/index.php\/wp-json\/wp\/v2\/pages"}],"about":[{"href":"https:\/\/kpkk.hkdrustvo.hr\/index.php\/wp-json\/wp\/v2\/types\/page"}],"author":[{"embeddable":true,"href":"https:\/\/kpkk.hkdrustvo.hr\/index.php\/wp-json\/wp\/v2\/users\/1"}],"replies":[{"embeddable":true,"href":"https:\/\/kpkk.hkdrustvo.hr\/index.php\/wp-json\/wp\/v2\/comments?post=185"}],"version-history":[{"count":6,"href":"https:\/\/kpkk.hkdrustvo.hr\/index.php\/wp-json\/wp\/v2\/pages\/185\/revisions"}],"predecessor-version":[{"id":243,"href":"https:\/\/kpkk.hkdrustvo.hr\/index.php\/wp-json\/wp\/v2\/pages\/185\/revisions\/243"}],"wp:attachment":[{"href":"https:\/\/kpkk.hkdrustvo.hr\/index.php\/wp-json\/wp\/v2\/media?parent=185"}],"curies":[{"name":"wp","href":"https:\/\/api.w.org\/{rel}","templated":true}]}}