{"id":196,"date":"2025-05-29T08:40:35","date_gmt":"2025-05-29T08:40:35","guid":{"rendered":"https:\/\/kpkk.hkdrustvo.hr\/?page_id=196"},"modified":"2025-07-21T11:12:45","modified_gmt":"2025-07-21T11:12:45","slug":"hergesic-branka-1910-1997","status":"publish","type":"page","link":"https:\/\/kpkk.hkdrustvo.hr\/index.php\/hergesic-branka-1910-1997\/","title":{"rendered":"HERGE\u0160I\u0106, Branka (1910. &#8211; 1997.)"},"content":{"rendered":"<p><\/p><figure class=\"wp-block-image size-full\"><img loading=\"lazy\" decoding=\"async\" width=\"212\" height=\"300\" src=\"https:\/\/kpkk.hkdrustvo.hr\/wp-content\/uploads\/2025\/05\/hergesic.png\" alt=\"\" class=\"wp-image-197\"\/><\/figure><p>(portret preuzet s: <a href=\"https:\/\/www.europeana.eu\/item\/9200458\/BibliographicResource_3000141254694\"><strong><u><strong>https:\/\/www.europeana.eu\/item\/9200458\/BibliographicResource_3000141254694<\/strong><\/u><\/strong><\/a><strong>)<\/strong><\/p><p><strong>Biografija<\/strong><\/p><p>Branka Herge\u0161i\u0107 ro\u0111ena je 1910. godine u mjestu Ljubija kraj Prijedora , a umrla u Zagrebu 1997. godine. Pripada knji\u017eni\u010darkama koje su djelovale dugo i ustrajno u profesiji, obilje\u017eavaju\u0107i vi\u0161e razdoblja u hrvatskom knji\u017eni\u010darstvu. Njen je radni vijek trajao 36 godina koje je provela u Nacionalnoj i sveu\u010dili\u0161noj knji\u017enici u kojoj je umirovljena u zvanju knji\u017eni\u010darskog savjetnika. Rad u mati\u010dnoj ku\u0107i prekinula je samo u jednom navratu, u razdoblju od pola godine, 1940.-1941., kada je dodijeljena Hrvatskome narodnom kazali\u0161tu radi izradbe kataloga rukopisne i tiskane gra\u0111e za njihov arhiv. Zapo\u010dela je svoj radni vijek u razdoblju po\u010detaka razvoja modernog knji\u017eni\u010darstva tridesetih godina pro\u0161log stolje\u0107a, a zavr\u0161ila \u0161ezdesetih, u razdoblju razvoja knji\u017eni\u010darstva kao profesije. Zaposlila se u tada\u0161njoj Sveu\u010dili\u0161noj knji\u017enici 1933. godine nakon zavr\u0161enog studija na Filozofskom fakultetu u Zagrebu. Pokazuje od po\u010detka sklonost bibliografskom radu, te sa kolegicom Jelkom Mi\u0161i\u0107, tada djevoja\u010dkog prezimena Jambri\u0161ak, izra\u0111uje godine 1936. \u201eBibliografiju \u017eenskih pisaca u Hrvatskoj, Slavoniji, Dalmaciji i Bosni i Hercegovini do svr\u0161etka 1935<em>.<\/em>\u201c &nbsp;Urednica te bibliografije bila je Elza Ku\u010dera, prva hrvatska knji\u017eni\u010darka. Pred sam po\u010detak II svjetskog rata uz ostale kolegice, sve odreda zaposlenice Sveu\u010dili\u0161ne knji\u017enice, izra\u0111uje bibliografiju \u201ePopis knjiga koje izlaze u Kraljevini Jugoslaviji\u201c, no zbog ratnih prilika iza\u0161ao je samo njen prvi dvobroj. U razdoblju NDH nalazi se u ure\u0111iva\u010dkom odboru Hrvatske enciklopedije, te sudjeluje u projektu \u201eHrvatska bibliografija\u201c, koja se objavljuje relativno redovito tijekom cijelog rata. Godine 1941. u suradnji sa kolegicom Jelkom Mi\u0161i\u0107 izdaje bibliografiju \u201eKnji\u017enice u gradu Zagrebu i popis \u010dasopisa koje navedene knji\u017enice primaju\u201c.<sup>&nbsp;<\/sup>&nbsp;Njen se bibliografski rad nastavlja radom na prvim nacionalnim bibliografijama nakon II svjetskog rata. To su bile: \u201eBibliografija knjiga tiskanih u Narodnoj Republici Hrvatskoj 1949.-1950\u201c., te \u201eBibliografija rasprava, \u010dlanaka i knji\u017eevnih radova u<em>&nbsp;<\/em>\u010dasopisima Narodne Republike Hrvatske 1945.-1952\u201c<em>.<\/em>&nbsp;Osim izradbe tih bibliografija, godinama je sura\u0111ivala u izradbi hrvatske retrospektivne bibliografije. Kasnije me\u0111u prvim knji\u017eni\u010darima izra\u0111uje bibliografije vezane uz literaturu o knji\u017enicama. Uz vlastiti rad, prati i djelovanje drugih kolega na tom podru\u010dju i o tome pi\u0161e prikaze u Vjesniku Bibliotekara Hrvatske (VBH). Osim bibliografskog rada sudjeluje &nbsp;i u svim drugim poslovima knji\u017enice, od svakodnevnih rutinskih poslova do zamjenjivanja ravnatelja knji\u017enice. Godine 1949. kao stipendista \u201eYugoslav Relief Fund of America\u201c boravi \u0161est mjeseci u Engleskoj, Francuskoj i \u0160vicarskoj, prou\u010davaju\u0107i &nbsp;organizaciju i metode rada u tamo\u0161njim knji\u017enicama. Ste\u010dena znanja vrlo je uspje\u0161no primijenila u Nacionalnoj knji\u017enici. Godine 1958. preuzima Odjel nabave, gdje u skladu sa pravilima koje je postavio jo\u0161 Franjo Fancev, a nastavio Matko Rojni\u0107 sustavno izgra\u0111uje fond knji\u017enice. Veliku pa\u017enju posve\u0107uje popunjavanju praznina \u201eCroatiji\u201c. &nbsp;U vi\u0161e navrata u VBH pi\u0161e radova o nabavnoj politici. Kao i ostale kolegice i kolege iz prvih generacija hrvatskih knji\u017eni\u010dara, veliku pa\u017enju pola\u017ee na rad u strukovnom dru\u0161tvu hrvatskih knji\u017eni\u010dara. U Hrvatskom knji\u017eni\u010darskom dru\u0161tvu &#8211; HKD-u, aktivna je od &nbsp;njegovog osnutka 1940., &nbsp;a prije toga od 1935. u Udru\u017eenju jugoslavenskih bibliotekara -Sekcija Zagreb. Poslije II. svjetskog rata nastavlja svoj rad u strukovnoj udruzi osnovanoj godine 1948. Kao njegova \u010dlanica sudjeluje u mnogim odborima i komisijama, a u razdoblju 1954.-1956. i 1957.-1958. bila je njegova predsjednica. &nbsp;Uz rad u Dru\u0161tvu, od godine1955. sura\u0111uje i ure\u0111uje \u201eVjesnik bibliotekara Hrvatske\u201c. Svakako je potrebno naglasiti njen doprinos profesionalnoj edukaciji knji\u017eni\u010dara. U ak. god. 1972.\/73. zapo\u0161ljava se kao predava\u010d na Katredri za bibliotekarstvo na Pedago\u0161koj akademiji u Rijeci, uz Tatjanu Bla\u017eekovi\u0107. Predavala je: bibliote\u010dno poslovanje i bibliografiju. Za svoj je profesionalni rad primila 1968. godine \u201eKukuljevi\u0107evu povelju\u201c.<\/p><p><strong>Bibliografija<\/strong><\/p><p>Herge\u0161i\u0107, Branka. Bibliotekar, njegovo zvanje i \u0161kolovanje : bilje\u0161ke s puta &nbsp;\/\/ &nbsp;Vjesnik bibliotekara Hrvatske 1, 1\/3(1950), 173-182.<\/p><p>B.H. (Herge\u0161i\u0107, Branka). British libraries for the overseas librarian \/\/ Vjesnik bibliotekara Hrvatske 1,1\/3(1950) str. 216-217.<strong><\/strong><\/p><p>Herge\u0161i\u0107, Branka. Snabdijevanje bibliotekara knjigama i \u010dasopisima. Summary (2. Savjetovanje bibliotekara NR Hrvatske, Zagreb, 12.-13.5.1950.). <em>Napomena<\/em>: Uz rad i diskusija \/\/ Vjesnik bibliotekara Hrvatske 1, 4(1950), 254-260.<\/p><p>Herge\u0161i\u0107, Branka. Vjekoslav Ma\u0161trovi\u0107: Jadertina croatica. Bibliografija knjiga, \u010dasopisa i novina izdanih na hrvatskom ili srpskom jeziku u Zadru. I. dio. Knjige. Zagreb, Jugoslavenska akademija znanosti i umjetnosti, 1949. XVI + 403 str. + XXI tabla \/\/ Vjesnik bibliotekara Hrvatske, 1, 4(1950), 254-260.<\/p><p>Herge\u0161i\u0107, Branka. \u0110or\u0111e Pejanovi\u0107: Bosansko-hercegova\u010dka bibliografija knjiga i bro\u0161ura 1945.-1951. Sarajevo, Svjetlost, 1953. 271str. \/\/ Vjesnik bibliotekara Hrvatske, 3, 1\/4(1954), 102-104.<\/p><p>Herge\u0161i\u0107, Branka. Bulletin des biblioteques de France. Paris, Direction des bibliotheques de France, 1956. \/\/ Vjesnik bibliotekara Hrvatske, 4, 1\/4(1955-1957), 137-138.<\/p><p>Herge\u0161i\u0107, Branka. III. Kongres Saveza dru\u0161tava bibliotekara Jugoslavije (Zadar, 27.-29. travnja 1956.) &nbsp;\/\/ Vjesnik bibliotekara Hrvatske, 4, 1\/4(1955-1957), 140-150.<\/p><p>Herge\u0161i\u0107, Branka. XIII. Sastanak Vije\u0107a Me\u0111unarodne federacije bibliotekarskih dru\u0161tava (Pariz, 23.-26. rujna 1957.) \/\/ Vjesnik bibliotekara Hrvatske, 4, 1\/4(1955-1957, 156-158.<\/p><p>Herge\u0161i\u0107, Branka. O nabavi i nabavnoj politici. Resume. &nbsp;\/\/ Vjesnik bibliotekara Hrvatske, 5, 1\/4 (1958\/1959), 9-23.<\/p><p>Herge\u0161i\u0107, Branka, L. \u0160titi\u0107, H. Dizdar. Bibliografija knjiga i periodi\u010dnih izdanja \u0161tampanih u Hercegovini (1873.-1941.) Mostar, Izd. Savjeta za kulturu Narodnog odbora sreza Mostar, 1958., 132 str. &nbsp;\/\/ Vjesnik bibliotekara Hrvatske, 5, 1\/4(1958\/1959), 77-80.<\/p><p>Herge\u0161i\u0107, Branka. (B.H.) Me\u0111unarodni bibliografski sastanak \/\/ Vjesnik bibliotekara Hrvatske, 5, 1\/4 (1958-1959), 129-131.<\/p><p>Herge\u0161i\u0107, Branka. R. Blum: Vor- und Fruhgeschichte der nationalen Allgemeinbibliographie (Archiv fuer Geschichte des Buchwesens &nbsp;Bd.II, Lfg. 3-5, 1959. Str.233-303.) &nbsp;\/\/ Vjesnik bibliotekara Hrvatske 6, 3\/4(1960), 51-53.<\/p><p>Herge\u0161i\u0107, Branka. J. Cain: Les transformations de la Biblioteque nationale de 1936 a 1959. Paris, 1959. \/\/ Vjesnik bibliotekara Hrvatske 6, 3\/4(1960), 77-79.<\/p><p>Herge\u0161i\u0107, Branka, D. \u010cu\u010dukovi\u0107: Bibliotekarska literatura tiskana na podru\u010dju NR Hrvatske u razdoblju od 1945. Do kraja &nbsp;1959. Godine (Narodna knji\u017enica, br. 5-6\/1960, 186-197 str.) \/\/ Vjesnik bibliotekara Hrvatske 7, 3\/4(1961), 219-220.<\/p><p>Herge\u0161i\u0107, Branka. Bibliotekarska literatura u Jugoslaviji. Knjige, bro\u0161ure i novi \u010dasopisi &nbsp;objavljeni u toku 1960-1961. \/\/ Vjesnik bibliotekara Hrvatske 7, 3\/4(1961), 235-239.<\/p><p>Herge\u0161i\u0107, Branka. Commission nationale hongroise pou Lunesco: Conference &nbsp;sur les echanges internationux de publications en Europe, Budapest, 13-19 semptembre 1960. \u2013 Budapest, Centre bibliotheconomique et methodiaque de la Bibliotheque Szechenyi, 1962. 285 str. \/\/ Vjesnik bibliotekara Hrvatske 8, 3\/4(1962), 164-167.<\/p><p>B. H. &nbsp;(Herge\u0161i\u0107, Branka). Library Association, University and Research Section &amp;Reference, special and Information Section: The library and the research worker. Proceedings of a joint annual conference Brimingham, April, 1960- Ed. By J. Munro. London, 1961. 40 str. \/\/ Vjesnik bibliotekara Hrvatske, 8, 3\/4(1962), 168-169.<\/p><p>Herge\u0161i\u0107, Branka. Bibliotekarska literatura u Jugoslaviji. Knjige, bro\u0161ure i novi \u010dasopisi objavljeni u toku 1962. \/\/ Vjesnik bibliotekara Hrvatske, 8, 3\/4(1962), 176-178.<\/p><p>Herge\u0161i\u0107, Branka (B. H.). Zajednica jugoslavenskih nacionalnih biblioteka \/\/ Vjesnik bibliotekara Hrvatske, 8, 3\/4(1962), 183-184.<\/p><p>Herge\u0161i\u0107, Branka. Bibliotekarska literatura u Jugoslaviji. Knjige, bro\u0161ure i novi \u010dasopisi objavljeni u toku 1964. \/\/ Vjesnik bibliotekara Hrvatske, 8, 3\/4(1964), 126-129.<\/p><p>Herge\u0161i\u0107, Branka. Bibliografija bibliografija i neka pitanja njezine izradbe. Resume \/\/ Vjesnik bibliotekara Hrvatske, 11, 1\/2(1965), 1-6.<\/p><p>Herge\u0161i\u0107, Branka. Obvezni primjerak \u2013 povlastica ili du\u017enost. Resume &nbsp;\/\/ Vjesnik bibliotekara Hrvatske, 12, 3\/4(1966), 97-107.<\/p><p>Herge\u0161i\u0107, Branka. Bibliotekarska literatura u Jugoslaviji. Knjige, bro\u0161ure i novi \u010dasopisi objavljeni u toku 1966. \/\/ Vjesnik bibliotekara Hrvatske, 13, 1\/2(1967), 92-95.<\/p><p>Herge\u0161i\u0107, Branka. Sekcija za bibliografiju \/\/ Vjesnik bibliotekara Hrvatske, 14, 3\/4(1968), 260-266.<\/p><p>Herge\u0161i\u0107, Branka. Stru\u010dni priru\u010dnik za bibliotekare. Predavanje sa kursa za bibliotekare na Kolar\u010devom univerzitetu 1968. godine .- Beograd : Kolar\u010dev narodni univerzitet, 1969 \/\/ Vjesnik bibliotekara Hrvatske, 16, 3\/4(1970),173-182.<\/p><p>Herge\u0161i\u0107, Branka. Bibliotekarska literatura u Jugoslaviji. Knjige i bro\u0161ure objavljeni u toku 1967. &nbsp;i 1968.\/\/ Vjesnik bibliotekara Hrvatske, 14, 3\/4(1968),307-315. \/\/ Vjesnik bibliotekara Hrvatske, 16, 3\/4(1970),188-192.<\/p><p>Herge\u0161i\u0107, Branka. Jugoslavenska retrospektivna bibliografska gra\u0111a. Knjige, bro\u0161ure i muzikalije 1945-1967. Beograd : Jugoslavenski bibliografski institut, 1969. \/\/ Vjesnik bibliotekara Hrvatske, 16, 3\/4(1970),195-204.<\/p><p>Herge\u0161i\u0107, Branka. Dr. Elza Ku\u010dera \/\/ Vjesnik bibliotekara Hrvatske 18, 3\/4(1972), 125-127. &nbsp;<\/p><p>Herge\u0161i\u0107, Branka. Uz osamdesetogodi\u0161njicu dr. Elze Ku\u010dere \u2013 prve hrvatske bibliotekarke \/\/ Hrvatsko knji\u017eni\u010darsko dru\u0161tvo 14.III. 1940. \u2013 14. III. 2000. : spomenica \/ uredila Daniela \u017divkovi\u0107\u2026\/et al.\/. Zagreb : Hrvatsko knji\u017eni\u010darsko dru\u0161tvo, 2000. str. 104-109.(<em>pretisak \u010dlanka<\/em>)<\/p><p><strong>Izvori\u00a0\u00a0\u00a0<\/strong><\/p><p>Han\u017e, Branko. Branka Herge\u0161i\u0107 : (1910.-1997.) \/\/ Vjesnik bibliotekara Hrvatske. 403\/4(1997), str. 141-142.<\/p><p>Se\u010di\u0107, Dora. Dobitnici Kukuljevi\u0107eve povelje \/\/ Hrvatsko knji\u017eni\u010darsko dru\u0161tvo 14.III. 1940. \u2013 14. III. 2000. : spomenica \/ uredila Daniela \u017divkovi\u0107\u2026\/et al.\/. Zagreb : Hrvatsko knji\u017eni\u010darsko dru\u0161tvo, 2000. Str. 145.<\/p>","protected":false},"excerpt":{"rendered":"<p>(portret preuzet s: https:\/\/www.europeana.eu\/item\/9200458\/BibliographicResource_3000141254694) Biografija Branka Herge\u0161i\u0107 ro\u0111ena je 1910. godine u mjestu Ljubija kraj Prijedora , a umrla u Zagrebu 1997. godine. Pripada knji\u017eni\u010darkama koje su djelovale dugo i ustrajno u profesiji, obilje\u017eavaju\u0107i vi\u0161e razdoblja u hrvatskom knji\u017eni\u010darstvu. Njen je radni vijek trajao 36 godina koje je provela u Nacionalnoj i sveu\u010dili\u0161noj knji\u017enici u [&hellip;]<\/p>\n","protected":false},"author":1,"featured_media":0,"parent":0,"menu_order":0,"comment_status":"closed","ping_status":"closed","template":"","meta":{"footnotes":""},"class_list":["post-196","page","type-page","status-publish","hentry"],"_links":{"self":[{"href":"https:\/\/kpkk.hkdrustvo.hr\/index.php\/wp-json\/wp\/v2\/pages\/196","targetHints":{"allow":["GET"]}}],"collection":[{"href":"https:\/\/kpkk.hkdrustvo.hr\/index.php\/wp-json\/wp\/v2\/pages"}],"about":[{"href":"https:\/\/kpkk.hkdrustvo.hr\/index.php\/wp-json\/wp\/v2\/types\/page"}],"author":[{"embeddable":true,"href":"https:\/\/kpkk.hkdrustvo.hr\/index.php\/wp-json\/wp\/v2\/users\/1"}],"replies":[{"embeddable":true,"href":"https:\/\/kpkk.hkdrustvo.hr\/index.php\/wp-json\/wp\/v2\/comments?post=196"}],"version-history":[{"count":2,"href":"https:\/\/kpkk.hkdrustvo.hr\/index.php\/wp-json\/wp\/v2\/pages\/196\/revisions"}],"predecessor-version":[{"id":233,"href":"https:\/\/kpkk.hkdrustvo.hr\/index.php\/wp-json\/wp\/v2\/pages\/196\/revisions\/233"}],"wp:attachment":[{"href":"https:\/\/kpkk.hkdrustvo.hr\/index.php\/wp-json\/wp\/v2\/media?parent=196"}],"curies":[{"name":"wp","href":"https:\/\/api.w.org\/{rel}","templated":true}]}}