{"id":200,"date":"2025-05-29T08:46:41","date_gmt":"2025-05-29T08:46:41","guid":{"rendered":"https:\/\/kpkk.hkdrustvo.hr\/?page_id=200"},"modified":"2025-07-21T11:12:45","modified_gmt":"2025-07-21T11:12:45","slug":"kucera-elza-elsa-elizabeta-1883-1972","status":"publish","type":"page","link":"https:\/\/kpkk.hkdrustvo.hr\/index.php\/kucera-elza-elsa-elizabeta-1883-1972\/","title":{"rendered":"KU\u010cERA, Elza (Elsa, Elizabeta) (1883. &#8211; 1972.)"},"content":{"rendered":"<figure class=\"wp-block-image size-full\"><img loading=\"lazy\" decoding=\"async\" width=\"200\" height=\"274\" src=\"https:\/\/kpkk.hkdrustvo.hr\/wp-content\/uploads\/2025\/05\/elza.png\" alt=\"\" class=\"wp-image-201\"\/><\/figure><p><strong>Biografija<\/strong><\/p><p>K\u0107i fizi\u010dara i astronoma Otona. \u017denski licej zavr\u0161ila u Zagrebu 1902, polazila predavanja iz filozofije i prirodnih znanosti u Be\u010du 1902\/03. te iz filozofije i kemije na Mudroslovnom fakultetu u Zagrebu 1903\u201305. Studirala potom filozofiju u Z\u00fcrichu, gdje je 1909. doktorirala tezom <em>Die Erkenntnistheorie von Thomas Brown. Eine historische Studie<\/em>&nbsp;(Zagreb 1909). U Sveu\u010dili\u0161noj knji\u017enici u Zagrebu bila privremena pomo\u0107nica, od 1912. pristav, od 1919. knji\u017eni\u010darka i 1920\u201342. zamjenica upravitelja; umirovljena 1944. Bave\u0107i se eksperimentalnom psihologijom, prva je u Hrvatskoj u vlastitom psihologijskom laboratoriju od 1912. istra\u017eivala zakonitosti prijenosa \u010duvstava te psihogalvanske reakcije, a 1922. s G. St\u00f6rringom pro\u0161irila ispitivanja psihologije mi\u0161ljenja, zapo\u010deta s njim za studija, na voljne fenomene. Usavr\u0161ivala se u Berlinu, Bonnu i Pozna\u0144u 1921\u201322. te kao honorarna nastavnica vodila 1933\u201336. vje\u017ebe u Psihologijskom institutu pri zagreba\u010dkom Filozofskom fakultetu. Rezultate istra\u017eivanja objavila je u izdanjima <em>Nastavni vjesnik<\/em>&nbsp;(1914), <em>Archiv f\u00fcr die gesamte Psychologie<\/em>&nbsp;(Leipzig 1930), <em>Acta Instituti psychologici Universitatis Zagrebensis<\/em>&nbsp;(1933), <em>Rad JAZU<\/em>&nbsp;(1948), <em>Wiener Zeitschrift f\u00fcr Philosophie, Psychologie und P\u00e4dagogik<\/em>&nbsp;(1953), <em>Festschrift Julius Franz Sch\u00fctz<\/em>&nbsp;(Graz\u2014K\u00f6ln 1954) i <em>Bericht \u00fcber den 24. Kongress der Deutschen Gesellschaft f\u00fcr Psychologie<\/em>&nbsp;(G\u00f6ttingen 1965), dijelom tiskala i kao p. o., te u svojoj knji\u017eici <em>Die Fragen der Gef\u00fchlspsyhologie und ihre Erkl\u00e4rungsm\u00f6glichkeiten<\/em>&nbsp;(Zagreb 1962). Zanimala se i za primijenjenu psihologiju, ispitivanje kognitivnih sposobnosti (prilagodila Binet-Simonov test), profesionalnu orijentaciju (<em>Kalendar Hrvatski radi\u0161a<\/em>, 1924; <em>Zbornik za pu\u010dku prosvjetu<\/em>, 1924), pisala o aktualnim temama iz filozofije i psihologije te prikazivala djela iste tematike (<em>Hrvatska njiva<\/em>, 1917, <em>Jugoslavenska njiva<\/em>, 1919\u201320; <em>Nastavni vjesnik<\/em>, 1920\u201321; <em>Kr\u0161\u0107anska \u0161kola<\/em>, 1923). Potaknula je organizaciju filozofskih kolokvija u Zagrebu 1924\u201330. te bila me\u0111u osniva\u010dima i suradnicima <em>Revije za filozofiju i psihologiju<\/em>&nbsp;(1927). Objavljivala biografske i bibliografske priloge (<em>B\u00f6rsenblatt f\u00fcr den deutschen Buchhandel<\/em>, Leipzig 1928\u201331), napose o Camilli Lucerni u prigodnoj bro\u0161uri <em>Camilla Lucerna. Ein Frauenbildnis<\/em>&nbsp;(Zagreb 1928), <em>Almanahu Dru\u0161tva hrvatskih knji\u017eevnica<\/em>&nbsp;(1938) i zborniku <em>Camilla Lucerna<\/em>&nbsp;(Graz 1938; suprire\u0111iva\u010dica), sudjelovala u izradbi <em>Bibliografije knjiga \u017eenskih pisaca \u0161tampanih u Hrvatskoj, Slavoniji, Dalmaciji, Bosni i Hercegovini do svr\u0161etka godine 1935<\/em>&nbsp;(Zagreb 1936). O pitanju \u017eenske ravnopravnosti te vlastitim te\u0161ko\u0107ama tijekom \u0161kolovanja i zapo\u0161ljavanja kao prve knji\u017eni\u010darke sa sveu\u010dili\u0161nom izobrazbom u Hrvatskoj pisala u periodicima <em>Agramer Tagblatt<\/em>&nbsp;(1911, 1914), <em>Doma\u0107e ognji\u0161te<\/em>&nbsp;(1912) i <em>Vjesnik bibliotekara Hrvatske<\/em>&nbsp;(1951), o po\u010detcima suradnje jugoslavenskih knji\u017enica u glasilu <em>Bibliotekar <\/em>(Beograd 1961). U mladosti pisala pjesme (<em>Pobratim<\/em>, 1898\u20131900; <em>Na doma\u0107em ognji\u0161tu<\/em>, 1900, <em>Doma\u0107e ognji\u0161te<\/em>, 1901\u201307; <em>Prosvjeta<\/em>, 1904). Suradnica <em>Leksikona Minerva<\/em>&nbsp;(1936) i <em>Hrvatske enciklopedije HIBZ-a<\/em>. Bila je \u010dlanica Njema\u010dkoga dru\u0161tva za psihologiju i Hrvatskoga bibliotekarskoga dru\u0161tva (od 1940), suosniva\u010dica 1948. Dru\u0161tva bibliotekara Hrvatske, koje joj je 1968. dodijelilo Kukuljevi\u0107evu povelju. Dobila i nagradu Udru\u017eenja psihologa SFRJ 1964. Njezina opse\u017ena ostav\u0161tina (zapisnici istra\u017eivanja, korespondencija, autobiografski zapisi i gra\u0111a o obitelji) \u010duva se u NSK.<\/p><p><strong>Izvori<\/strong><\/p><p><em>A. Bazala<\/em>: (Prikaz teze). Nastavni vjesnik, 18(1910) 7, str. 515\u2013516.  <\/p><p>Prvi \u017eenski knji\u017eni\u010dar u na\u0161oj dr\u017eavi. Jutarnji list, 25(1936) 19.VI, str. 21. <\/p><p>(Uz obljetnice ro\u0111enja): <em>\u0107<\/em>, Prosvjetni \u017eivot, 2(1943) 18, str. 462\u2013463.  <\/p><p><em>M. \u010ceh<\/em>, Hrvatski \u017eenski list, 6(1944) 2\/3, str. 2\u20133. <\/p><p><em>B. Herge\u0161i\u0107<\/em>, Vjesnik bibliotekara Hrvatske, 9(1963) 3\/4, str. 122\u2013127. <\/p><p><em>N. Lahman-Kuzmi\u0107<\/em>, Revija, 9(1969) 5, str. 91\u2013102.  <\/p><p>(Nekrolozi): <em>B. Herge\u0161i\u0107<\/em>, Vjesnik bibliotekara Hrvatske, 18(1972) 3\/4, str. 125\u2013127.  <\/p><p><em>N. Lahman-Kuzmi\u0107<\/em>, Vjesnik, 33(1972) 4. VII, str. 7. <\/p><p><em>V. Novak<\/em>, Bibliotekar (Beograd), 24(1972) 4, str. 536\u2013538. <\/p><p><em>M. Prodanovi\u0107<\/em>, Ibid., str. 538\u2013539. <\/p><p>Hrvatsko knji\u017eni\u010darsko dru\u0161tvo (spomenica). Zagreb 2000, 10, 93\u2013109. <\/p><p><em>T. Lueti\u0107<\/em>: Prve studentice Mudroslovnog fakulteta Kr. sveu\u010dili\u0161ta Franje Josipa I. u Zagrebu. Povijesni prilozi, 21(2002) 22, str. 193, 202. <\/p><p><em>I. Zvonar<\/em>: Kratki osvrt na korespondenciju izme\u0111u Franje Fanceva i Elze Ku\u010dera. Podravski zbornik, 29(2003) str. 113\u2013124. <\/p><p><em>A. Feldman<\/em>: Prori\u010du\u0107i gladnu godinu. \u017dene i ideologija jugoslavenstva (1918\u20131939). U: \u017dene u Hrvatskoj. Zagreb 2004, 243\u2013245.<\/p><p>Lada \u0160ojat (2013)<\/p><p>\u010dlanak preuzet iz tiskanog izdanja 1983. \u2013 2021.<\/p><p>KU\u010cERA, Elza. Hrvatski biografski leksikon (1983\u20132024), mre\u017eno izdanje. Leksikografski zavod Miroslav Krle\u017ea, 2025. Pristupljeno 28.4.2025. &lt;https:\/\/hbl.lzmk.hr\/clanak\/kucera-elza&gt;.<\/p>","protected":false},"excerpt":{"rendered":"<p>Biografija K\u0107i fizi\u010dara i astronoma Otona. \u017denski licej zavr\u0161ila u Zagrebu 1902, polazila predavanja iz filozofije i prirodnih znanosti u Be\u010du 1902\/03. te iz filozofije i kemije na Mudroslovnom fakultetu u Zagrebu 1903\u201305. Studirala potom filozofiju u Z\u00fcrichu, gdje je 1909. doktorirala tezom Die Erkenntnistheorie von Thomas Brown. Eine historische Studie&nbsp;(Zagreb 1909). U Sveu\u010dili\u0161noj knji\u017enici [&hellip;]<\/p>\n","protected":false},"author":1,"featured_media":0,"parent":0,"menu_order":0,"comment_status":"closed","ping_status":"closed","template":"","meta":{"footnotes":""},"class_list":["post-200","page","type-page","status-publish","hentry"],"_links":{"self":[{"href":"https:\/\/kpkk.hkdrustvo.hr\/index.php\/wp-json\/wp\/v2\/pages\/200","targetHints":{"allow":["GET"]}}],"collection":[{"href":"https:\/\/kpkk.hkdrustvo.hr\/index.php\/wp-json\/wp\/v2\/pages"}],"about":[{"href":"https:\/\/kpkk.hkdrustvo.hr\/index.php\/wp-json\/wp\/v2\/types\/page"}],"author":[{"embeddable":true,"href":"https:\/\/kpkk.hkdrustvo.hr\/index.php\/wp-json\/wp\/v2\/users\/1"}],"replies":[{"embeddable":true,"href":"https:\/\/kpkk.hkdrustvo.hr\/index.php\/wp-json\/wp\/v2\/comments?post=200"}],"version-history":[{"count":3,"href":"https:\/\/kpkk.hkdrustvo.hr\/index.php\/wp-json\/wp\/v2\/pages\/200\/revisions"}],"predecessor-version":[{"id":235,"href":"https:\/\/kpkk.hkdrustvo.hr\/index.php\/wp-json\/wp\/v2\/pages\/200\/revisions\/235"}],"wp:attachment":[{"href":"https:\/\/kpkk.hkdrustvo.hr\/index.php\/wp-json\/wp\/v2\/media?parent=200"}],"curies":[{"name":"wp","href":"https:\/\/api.w.org\/{rel}","templated":true}]}}