{"id":272,"date":"2025-06-02T15:34:46","date_gmt":"2025-06-02T15:34:46","guid":{"rendered":"https:\/\/kpkk.hkdrustvo.hr\/?page_id=272"},"modified":"2025-06-02T15:34:46","modified_gmt":"2025-06-02T15:34:46","slug":"znacajne-osobe-u-hrvatskom-knjiznicarstvu-kroz-povijest","status":"publish","type":"page","link":"https:\/\/kpkk.hkdrustvo.hr\/","title":{"rendered":"Zna\u010dajne osobe u hrvatskom knji\u017eni\u010darstvu kroz povijest"},"content":{"rendered":"","protected":false},"excerpt":{"rendered":"","protected":false},"author":1,"featured_media":0,"parent":0,"menu_order":0,"comment_status":"closed","ping_status":"closed","template":"","meta":{"footnotes":""},"class_list":["post-272","page","type-page","status-publish","hentry"],"_links":{"self":[{"href":"https:\/\/kpkk.hkdrustvo.hr\/index.php\/wp-json\/wp\/v2\/pages\/272","targetHints":{"allow":["GET"]}}],"collection":[{"href":"https:\/\/kpkk.hkdrustvo.hr\/index.php\/wp-json\/wp\/v2\/pages"}],"about":[{"href":"https:\/\/kpkk.hkdrustvo.hr\/index.php\/wp-json\/wp\/v2\/types\/page"}],"author":[{"embeddable":true,"href":"https:\/\/kpkk.hkdrustvo.hr\/index.php\/wp-json\/wp\/v2\/users\/1"}],"replies":[{"embeddable":true,"href":"https:\/\/kpkk.hkdrustvo.hr\/index.php\/wp-json\/wp\/v2\/comments?post=272"}],"version-history":[{"count":2,"href":"https:\/\/kpkk.hkdrustvo.hr\/index.php\/wp-json\/wp\/v2\/pages\/272\/revisions"}],"predecessor-version":[{"id":294,"href":"https:\/\/kpkk.hkdrustvo.hr\/index.php\/wp-json\/wp\/v2\/pages\/272\/revisions\/294"}],"wp:attachment":[{"href":"https:\/\/kpkk.hkdrustvo.hr\/index.php\/wp-json\/wp\/v2\/media?parent=272"}],"curies":[{"name":"wp","href":"https:\/\/api.w.org\/{rel}","templated":true}]}}