{"id":428,"date":"2025-10-30T10:04:56","date_gmt":"2025-10-30T10:04:56","guid":{"rendered":"https:\/\/kpkk.hkdrustvo.hr\/?page_id=428"},"modified":"2026-04-23T12:53:01","modified_gmt":"2026-04-23T12:53:01","slug":"furlan-branka-1922-1978","status":"publish","type":"page","link":"https:\/\/kpkk.hkdrustvo.hr\/index.php\/furlan-branka-1922-1978\/","title":{"rendered":"FURLAN, Branka (1922. \u2013 1978.)"},"content":{"rendered":"<p><strong>Biografija<\/strong><\/p>\n<p>Ro\u0111ena je u Sarajevu 1922., a umrla u Zagrebu 1978. godine. Bila je dugogodi\u0161nja voditeljica Dje\u010djeg odjela Gradske knji\u017enice u Zagrebu, koji je pod njenim voditeljstvom postao jedan od vode\u0107ih dje\u010djih odjela. Mnogim je inovacijama pokazala kolike su mogu\u0107nosti rada odjela za djecu, ali i kolika je odgovornost i slo\u017eenost rada s djecom. Primjerice: susreti djece s piscima i ilustratorima, kvizovi znanja, pri\u010danje pri\u010da, predavanja za roditelje, odr\u017eavanje kazali\u0161nih i glazbenih priredbi, te drugih aktivnosti koje su uvijek pratile interese svojih mladih korisnika. Jedna od zna\u010dajnih inicijativa bila je i organizacija redovnih godi\u0161njih izlo\u017ebi doma\u0107e i strane knjige, kako bi se korisnici neposredno upoznali s novitetima. Bila je aktivna suradnica Dru\u0161tva \u201eNa\u0161a djeca\u201c, Centra za dje\u010dju literaturu i \u0161tampu, te jedna od osniva\u010dica Zajednice za dje\u010dju knjigu Jugoslavije, koja je okupljala ustanove, organizacije i pojedince koji su se bavili dje\u010djom knjigom na podru\u010dju \u010ditave tada\u0161nje dr\u017eave. Osim na podru\u010dju dje\u010dje knjige bila je aktivna i u drugim medijima koji su se bavili obrazovanom i kulturnom djelatno\u0161\u0107u djece. Odr\u017eavala je niz predavanja svih vrsta i opsega: od te\u010dajeva do seminara i savjetovanja. Naro\u010dito se zalagala za razvoj i unaprje\u0111enje rada \u0161kolskih knji\u017enica, te na tom polju usko sura\u0111ivala s Tatjanom Bla\u017eekovi\u0107. Jedan od rezultata te suradnje bila je knjiga \u201eKnji\u017enica osnovne \u0161kole\u201c, i danas va\u017eno djelo s podru\u010dja knji\u017eni\u010darstva. Osim ovdje spomenute knjige, Branka Furlan autorica je brojnih radova objavljenih u zemlji i inozemstvu s podru\u010dja \u0161kolskog knji\u017eni\u010darstva i dje\u010dje literature. Jedan od va\u017enih doprinosa kako na teorijskom, tako i na prakti\u010dnom planu je specifi\u010dan sustav klasificiranja i smje\u0161tanja knjiga u dje\u010djim i \u0161kolskim knji\u017enicama, koji je bio prihva\u0107en ne samo u Hrvatskoj, ve\u0107 i u drugim republikama tada\u0161nje Jugoslavije. Bila je aktivna \u010dlanica HKD-a (tada\u0161nji naziv HBD), prva i dugogodi\u0161nja predsjednica Komisije za dje\u010dje i \u0161kolske knji\u017enice u Hrvatskoj i u krovnom udru\u017eenju knji\u017eni\u010dara Jugoslavije, te u uredni\u0161tvu Vjesnika Bibliotekara Hrvatske \u010diji je \u010dlan Upravnog odbora bila vi\u0161e godina. Potakla je izradu <em>Standarda za biblioteke osnovnih \u0161kola<\/em>, \u010dija je jedna od autorica. Djelovala je u inozemstvu, u mnogim me\u0111unarodnim tijelima, posebice u IFLA-i, Centru za dje\u010dju kulturu UNICEF-a, Me\u0111unarodnoj dje\u010djoj biblioteci pri UNESCO-u.<\/p>\n<p>Godine 1963. stekla je vi\u0161e stru\u010dno zvanje, nagradu \u201ePavao Markovac\u201c dobila je 1974. godine, \u201eKukuljevi\u0107eva povelja,\u201c dodijeljena joj je 1978. godine (posthumno). Umrla je od raka kralje\u017enice kao posljedice trogodi\u0161njeg zlostavljanja u politi\u010dkom logoru na Golom otoku.<\/p>\n<p><strong>Popis dostupnih radova: <\/strong><\/p>\n<p><a href=\"https:\/\/kpkk.hkdrustvo.hr\/index.php\/popis-dostupnih-radova-furlan\/\">Popis dostupnih radova\u00a0<\/a><\/p>\n<p><strong>Izvori (kronolo\u0161kim redom): <\/strong><\/p>\n<p>Mudri \u0160kunca, Vera. Branka Furlan : 21.2.1922.-30.11.1978. \/\/\u00a0 Vjesnik bibliotekara Hrvatske 23, 1\/4(1977-78), 188-190.<\/p>\n<p>Se\u010di\u0107, Dora. Dobitnici Kukuljevi\u0107eve povelje \/\/ Hrvatsko knji\u017eni\u010darsko dru\u0161tvo 14.III. 1940. \u2013 14. III. 2000. : spomenica \/ uredila Daniela \u017divkovi\u0107\u2026\/et al.\/. Zagreb : Hrvatsko knji\u017eni\u010darsko dru\u0161tvo, 2000. Str. 143.<\/p>\n<p><strong>Izvor slike:<\/strong>https:\/\/goli-otok.net\/branka-weil-1922-1978-2\/<\/p>\n<p>&nbsp;<\/p>\n<p>&nbsp;<\/p>\n<p>&nbsp;<\/p>\n<p>&nbsp;<\/p>\n<p>&nbsp;<\/p>\n<p>&nbsp;<\/p>\n<p>&nbsp;<\/p>\n","protected":false},"excerpt":{"rendered":"<p>Biografija Ro\u0111ena je u Sarajevu 1922., a umrla u Zagrebu 1978. godine. Bila je dugogodi\u0161nja voditeljica Dje\u010djeg odjela Gradske knji\u017enice u Zagrebu, koji je pod njenim voditeljstvom postao jedan od vode\u0107ih dje\u010djih odjela. Mnogim je inovacijama pokazala kolike su mogu\u0107nosti rada odjela za djecu, ali i kolika je odgovornost i slo\u017eenost rada s djecom. Primjerice: [&hellip;]<\/p>\n","protected":false},"author":1,"featured_media":0,"parent":0,"menu_order":0,"comment_status":"closed","ping_status":"closed","template":"","meta":{"footnotes":""},"class_list":["post-428","page","type-page","status-publish","hentry"],"_links":{"self":[{"href":"https:\/\/kpkk.hkdrustvo.hr\/index.php\/wp-json\/wp\/v2\/pages\/428","targetHints":{"allow":["GET"]}}],"collection":[{"href":"https:\/\/kpkk.hkdrustvo.hr\/index.php\/wp-json\/wp\/v2\/pages"}],"about":[{"href":"https:\/\/kpkk.hkdrustvo.hr\/index.php\/wp-json\/wp\/v2\/types\/page"}],"author":[{"embeddable":true,"href":"https:\/\/kpkk.hkdrustvo.hr\/index.php\/wp-json\/wp\/v2\/users\/1"}],"replies":[{"embeddable":true,"href":"https:\/\/kpkk.hkdrustvo.hr\/index.php\/wp-json\/wp\/v2\/comments?post=428"}],"version-history":[{"count":6,"href":"https:\/\/kpkk.hkdrustvo.hr\/index.php\/wp-json\/wp\/v2\/pages\/428\/revisions"}],"predecessor-version":[{"id":523,"href":"https:\/\/kpkk.hkdrustvo.hr\/index.php\/wp-json\/wp\/v2\/pages\/428\/revisions\/523"}],"wp:attachment":[{"href":"https:\/\/kpkk.hkdrustvo.hr\/index.php\/wp-json\/wp\/v2\/media?parent=428"}],"curies":[{"name":"wp","href":"https:\/\/api.w.org\/{rel}","templated":true}]}}