{"id":435,"date":"2025-10-30T10:10:00","date_gmt":"2025-10-30T10:10:00","guid":{"rendered":"https:\/\/kpkk.hkdrustvo.hr\/?page_id=435"},"modified":"2025-10-31T06:39:21","modified_gmt":"2025-10-31T06:39:21","slug":"bonifacic-vera-1918-1985","status":"publish","type":"page","link":"https:\/\/kpkk.hkdrustvo.hr\/index.php\/bonifacic-vera-1918-1985\/","title":{"rendered":"BONIFA\u010cI\u0106, Vera (1918. \u2013 1985.)"},"content":{"rendered":"<p><strong>Biografija<\/strong><\/p>\n<p>Vera Bonifa\u010di\u0107 ro\u0111ena je u Puli 1918., a preminula u Zagrebu 1985. godine. Studirala je tijekom II svjetskog rata na Filozofskom fakultetu u Zagrebu. Jedna je od prvih hrvatskih knji\u017eni\u010dara i knji\u017eni\u010darki koji su se sustavno bavi promoviranjem muzi\u010dke gra\u0111e u knji\u017enicama i samim muzi\u010dkim knji\u017enicama. Odmah po zavr\u0161etku rata, 1945. godine, zapo\u0161ljava se u tada\u0161njoj Sveu\u010dili\u0161noj biblioteci, dana\u0161njoj Nacionalnoj i sveu\u010dili\u0161noj knji\u017enici. U kratkom razmaku od 1952.-1954. godine naslje\u0111uje kolegicu Vjeru Bendi\u0161 na mjestu upraviteljice Nau\u010dne biblioteke u Puli. Osim rada u Nau\u010dnoj biblioteci, pomogla je u osnivanju Gradske knji\u017enice u Puli, daju\u0107i inicijalnu pomo\u0107 i podr\u0161ku s obzirom na svoje ve\u0107 bogato iskustvo rada u knji\u017enici.<br \/>\nNakon tog razdoblja ponovno se vra\u0107a u Sveu\u010dili\u0161nu knji\u017enicu, gdje se njeno znanje uspje\u0161no koristi pri ure\u0111enju stru\u010dnog kataloga u podru\u010djima germanistike, glazbe i povijesti umjetnosti. Usporedo je pregledavala postoje\u0107e glazbene rukopise, napose one iz Kuha\u010deve ostav\u0161tine. U fokusu interesa bila joj je nabava rukopisa pojedinih hrvatskih skladatelja, u \u010demu je u mnogo slu\u010dajeva i uspjela. Tako je njenim privatnim i profesionalnim zalaganjem upotpunjena \u201eCroatica\u201c u tom segmentu. Velikim dijelom zahvaljuju\u0107i njenom predanom radu, uz tiskana glazbena djela, dana\u0161nja NSK u fondu posjeduje i mnoge originalne rukopise hrvatskih glazbenika.<br \/>\nPrate\u0107i promjene na podru\u010dju glazbene produkcije, a nadasve u segmentu preno\u0161enja glazbe, izradila je elaborat o potrebi osnivanja nacionalne fonoteke koji je 1962. godine poslu\u017eio kao osnova za ure\u0111enje \u201eZbirke audiomaterijala\u201c unutar \u201eZbirke muzikalija\u201c. Na \u010delo te zbirke dolazi kao jedna od najkompetentijih osoba za to podru\u010dje. Kako je ure\u0111enje takve zbike kod nas bilo gotovo nepoznato, u svrhu njenog pobolj\u0161anja i stalnog osuvremenjivanja trebalo je stalno raditi na vlastitom stru\u010dnom usavr\u0161avanju. Tako se Vera Bonifa\u010di\u0107 redovito informirala o novinama s tog podru\u010dja putem stru\u010dne literature, ali i na kongresima Me\u0111unarodnog udru\u017eenja glazbenih knji\u017enica, te vi\u0161emjese\u010dnim boravkom u Londonu kojem je svrha bila upravo prou\u010davanje rada njihovih specijalnih glazbenih knji\u017enica. Osim autorskih \u010dlanaka, objavljenim u stru\u010dnoj literaturi, prevela je i Me\u0111unarodni standardni bibliografski opis neknji\u017ene gra\u0111e (ISBD NBM), kao i Me\u0111unarodni standardni bibliografski opis tiskanih muzi\u010dkih publikacija (ISBD PM).<br \/>\nNjenim je nastojanjem pro\u0161iren \u201eZakon o bibliote\u010dnoj djelatnosti i bibliotekama\u201c uno\u0161enjem odredbe o dostavljanju audiomaterijala kao obveznog primjerka Nacionalnoj i sveu\u010dili\u0161noj knji\u017enici.<br \/>\nOsim rada u knji\u017enici bila je aktivna u Dru\u0161tvu bibliotekara Hrvatske , posebice u njegovoj Nau\u010dnoj sekciji. Svoje je znanje knji\u017eni\u010dara specijalista upotrijebila i pri suradnji na \u201eMuzi\u010dkoj enciklopediji\u201c, za \u010dije je potrebe prikupljala gra\u0111u, te sura\u0111ivala u njoj raznim prilozima.<br \/>\nGodine 1979. oti\u0161la je u mirovinu u zvanju vi\u0161eg bibliotekara sa radnog mjesta voditeljice Zbirke muzikalija Nacionalne i sveu\u010dili\u0161ne biblioteke. Za svoj rad na promoviranju muzi\u010dke gra\u0111e u knji\u017enicama, godine 1978. dodijeljena joj je \u201eKukuljevi\u0107eva povelja\u201c.<\/p>\n<p><strong>Bibliografija<\/strong><\/p>\n<p>Bonifa\u010di\u0107, Vera. Prona\u0111eni originali misa J. P. Haibela \/\/ Vjesnik bibliotekara Hrvatske 5, 1\/4(1958-1959),128-129.<\/p>\n<p>Bonifa\u010di\u0107, Vera. Code international de catalogage de la musique. Frankfurt, 1957. \/\/ Vjesnik bibliotekara Hrvatske 6, 3\/4(1960), 57-58.<\/p>\n<p>Bonifa\u010di\u0107, Vera. Me\u0111unarodno dru\u0161tvo muzi\u010dkih biblioteka (AIBM) \/\/ Vjesnik bibliotekara Hrvatske 7, 1\/2(1961), 103.<\/p>\n<p>Bonifa\u010di\u0107, Vera. E . T. Bryant: Music librarianship. A practical guide. London, 1959. \/\/ Vjesnik bibliotekara Hrvatske 7, 3\/4 (1961), 234-235.<\/p>\n<p>Bonifa\u010di\u0107, Vera. Muzika u biblioteci. Narodna knji\u017enica 5, 1-2(1961), 21-25.<\/p>\n<p>Bonifa\u010di\u0107, Vera. Muzi\u010dke knji\u017enice i zbirke. Muzi\u010dka enciklopedija 2. izd. Zagreb, 1974. sv. 2, str. 643-645.<\/p>\n<p>Bonifa\u010di\u0107, Vera. Muzi\u010dke knji\u017enice i zbirke u Hrvatskoj. \/\/ Vjesnik bibliotekara Hrvatske 9, 3\/4 (1963), 89-99.<\/p>\n<p>Bonifa\u010di\u0107, Vera. Otkup muzi\u010dke ostav\u0161tine Ivana Zajca \/\/ Vjesnik bibliotekara Hrvatske 13, 1\/2(1967), 67-68.<\/p>\n<p>Bonifa\u010di\u0107, Vera. Tematski katalog zbirke muzikalija Nikole Udine Algarottija. \/\/ Vjesnik bibliotekara Hrvatske 14, 1\/2(1968), 15-25.<\/p>\n<p>Bonifa\u010di\u0107, Vera. Music libraries and collections in Croatia. \/\/ Arti Musices, 1970, special issue, 47-60.<\/p>\n<p>Bonifa\u010di\u0107, Vera. Biografski i muzikografski slovnik Franje Kuha\u010da \/\/ Vjesnik bibliotekara Hrvatske 18, 1\/2(1972),35-48<\/p>\n<p>Bonifa\u010di\u0107, Vera. Izvje\u0161taj o XI. Kongresu me\u0111unarodnog dru\u0161tva muzi\u010dkih biblioteka (IAML) u Mainzu \/\/ Vjesnik bibliotekara Hrvatske 23, 1\/4(1977-1978), 140-143.<\/p>\n<p><strong>Izvori<\/strong><\/p>\n<p>Malnar, Aleksandra. Tre\u0107a podjela Kukuljevi\u0107eve povelje \/\/ Vjesnik bibliotekara Hrvatske 24, 1\/4(1979-1980), 308-311.<\/p>\n<p>Brezak, \u0110ur\u0111a. Vera Bonifa\u010di\u0107 \/\/ Vjesnik bibliotekara Hrvatske 24, 1\/4(1979-1980), 319-321.<\/p>\n<p>Ur. Vera Bonifa\u010di\u0107 : 1918-1985 \/\/ Vjesnik bibliotekara Hrvatske 30, 1\/4(1987), 243.<\/p>\n<p>Se\u010di\u0107, Dora. Dobitnici Kukuljevi\u0107eve povelje \/\/ Hrvatsko knji\u017eni\u010darsko dru\u0161tvo 14.III. 1940. \u2013 14. III. 2000. : spomenica \/ ur. Daniela \u017divkovi\u0107\u2026\/et al.\/ Zagreb : Hrvatsko knji\u017eni\u010darsko dru\u0161tvo, 2000., 139.<\/p>\n","protected":false},"excerpt":{"rendered":"<p>Biografija Vera Bonifa\u010di\u0107 ro\u0111ena je u Puli 1918., a preminula u Zagrebu 1985. godine. Studirala je tijekom II svjetskog rata na Filozofskom fakultetu u Zagrebu. Jedna je od prvih hrvatskih knji\u017eni\u010dara i knji\u017eni\u010darki koji su se sustavno bavi promoviranjem muzi\u010dke gra\u0111e u knji\u017enicama i samim muzi\u010dkim knji\u017enicama. Odmah po zavr\u0161etku rata, 1945. godine, zapo\u0161ljava se [&hellip;]<\/p>\n","protected":false},"author":1,"featured_media":0,"parent":0,"menu_order":0,"comment_status":"closed","ping_status":"closed","template":"","meta":{"footnotes":""},"class_list":["post-435","page","type-page","status-publish","hentry"],"_links":{"self":[{"href":"https:\/\/kpkk.hkdrustvo.hr\/index.php\/wp-json\/wp\/v2\/pages\/435","targetHints":{"allow":["GET"]}}],"collection":[{"href":"https:\/\/kpkk.hkdrustvo.hr\/index.php\/wp-json\/wp\/v2\/pages"}],"about":[{"href":"https:\/\/kpkk.hkdrustvo.hr\/index.php\/wp-json\/wp\/v2\/types\/page"}],"author":[{"embeddable":true,"href":"https:\/\/kpkk.hkdrustvo.hr\/index.php\/wp-json\/wp\/v2\/users\/1"}],"replies":[{"embeddable":true,"href":"https:\/\/kpkk.hkdrustvo.hr\/index.php\/wp-json\/wp\/v2\/comments?post=435"}],"version-history":[{"count":2,"href":"https:\/\/kpkk.hkdrustvo.hr\/index.php\/wp-json\/wp\/v2\/pages\/435\/revisions"}],"predecessor-version":[{"id":450,"href":"https:\/\/kpkk.hkdrustvo.hr\/index.php\/wp-json\/wp\/v2\/pages\/435\/revisions\/450"}],"wp:attachment":[{"href":"https:\/\/kpkk.hkdrustvo.hr\/index.php\/wp-json\/wp\/v2\/media?parent=435"}],"curies":[{"name":"wp","href":"https:\/\/api.w.org\/{rel}","templated":true}]}}