{"id":438,"date":"2025-10-30T10:13:32","date_gmt":"2025-10-30T10:13:32","guid":{"rendered":"https:\/\/kpkk.hkdrustvo.hr\/?page_id=438"},"modified":"2025-10-31T06:39:40","modified_gmt":"2025-10-31T06:39:40","slug":"bosnjak-dubravka-1930-2021","status":"publish","type":"page","link":"https:\/\/kpkk.hkdrustvo.hr\/index.php\/bosnjak-dubravka-1930-2021\/","title":{"rendered":"BO\u0160NJAK, Dubravka (1930. \u2013 2021.)"},"content":{"rendered":"<p><img loading=\"lazy\" decoding=\"async\" class=\"alignnone size-medium wp-image-439\" src=\"https:\/\/kpkk.hkdrustvo.hr\/wp-content\/uploads\/2025\/10\/dubravka-262x300.png\" alt=\"\" width=\"262\" height=\"300\" srcset=\"https:\/\/kpkk.hkdrustvo.hr\/wp-content\/uploads\/2025\/10\/dubravka-262x300.png 262w, https:\/\/kpkk.hkdrustvo.hr\/wp-content\/uploads\/2025\/10\/dubravka.png 330w\" sizes=\"auto, (max-width: 262px) 100vw, 262px\" \/><\/p>\n<p><strong>Biografija<\/strong><\/p>\n<p>Ro\u0111ena je 1930. godine u Povljanima na otoku Bra\u010du, a preminula 2021. u Splitu. Nakon mature u splitskoj gimnaziji, 1949. godine zaposlila se sa srednjom stru\u010dnom spremom u splitskoj Gradskoj biblioteci. Nakon diplomiranja na studiju arheologije zapo\u0161ljava se Gradskoj biblioteci u Splitu, kao bibliotekar-katalogizator. Po\u010detak njenog rada na tom podru\u010dju knji\u017eni\u010darstva poklopio se sa razdobljem kada su se stvarala jedinstvena pravila za katalogizaciju. Stoga ona odlazi u vi\u0161e navrata u Nacionalnu i sveu\u010dili\u0161nu knji\u017enicu u Zagrebu, radi stjecanja i pro\u0161irivanja znanja o tom podru\u010dju, koja nakon toga prenosi ne samo u svoju, ve\u0107 i u ostale knji\u017enice. Voditeljica je Odjela periodike od godine 1960. u Nau\u010dnoj bibloteci u Splitu (nekada\u0161nja Gradska biblioteka). Godine 1961. pola\u017ee stru\u010dni ispit i time stje\u010de zvanje diplomirane bibliotekarke (dana\u0161nji naziv \u201eknji\u017eni\u010darka\u201c). U cilju stjecanja novih znanja, upisuje Postdiplomski studij bibliotekarstva, dokumentacije i informacijskih znanosti. Akademski stupanj magistra znanosti stje\u010de 1975. godine. Uz vlastitu, \u010ditavo vrijeme radi na edukaciji kolegica i kolega organiziraju\u0107i stru\u010dna predavanja i seminare, posebice iz podru\u010dja katalogizacije. Na mnogima od njih i sama predaje, a svoj pedago\u0161ki rad pro\u0161iruje kao predava\u010dica kolegija \u201eMetodologija znanstvenog rada\u201c na poslijediplomskom studiju u Splitu 1977. i 1978. godine.<br \/>\nNakon rada u Odjelu periodike godine 1972. Dubravka Bo\u0161njak preuzima mjesto voditeljice Odjela specijalnih zbirki, nakon \u0161to je dotada\u0161nji voditelj Zbirke Hrvoje Morovi\u0107 imenovan ravnateljem tada\u0161nje Nau\u010dne biblioteke. Ovdje je trebalo isto tako formirati katalog u skladu sa suvremenim standardima, jer je fond zbirki do tada bio evidentiran samo u inventarnoj knjizi.<br \/>\nU jednom mandatnom razdoblju (od 1984. do 1988. godine) postaje ravnateljica \u010ditave knji\u017enice, a do umirovljenja vodi Centralni katalog knji\u017enice.<br \/>\nO djelatnostima knji\u017enice, ali i o problemima u knji\u017eni\u010darstvu objavila je niz \u010dlanaka. Tijekom rada u Odjelu specijalnih zbirki dr\u017eala je niz predavanja o problematici starih knjiga i rukopisa, posebice o problemu njihovog neadekvatnog smje\u0161taja, te o informacijskim sustavima i njihovoj izgradnji<br \/>\nNjen gore prikazan raznovrstan i aktivan rad u knji\u017enici, nije bilo ni izdaleka jedini aspekt knji\u017eni\u010darstva kojim se bavila. Svesrdno je promicala razvoj knji\u017eni\u010darske profesije kroz djelatnosti Mati\u010dne slu\u017ebe, osnovane 1981. \u010diji je voditelj postala. Istovremeno s tom du\u017enosti bila je i predsjednica Dru\u0161tva bibliotekara Split, te je i sa te strane svesrdno radila na unapre\u0111enju knji\u017eni\u010darstva na podru\u010dju Splita i \u0161ire regije. Za svoj rad je izme\u0111u ostalih priznanja godine 1996. dobila \u201eKukuljevi\u0107evu povelju.\u201c<\/p>\n<p><strong>Bibliografija<\/strong><\/p>\n<p>Bo\u0161njak, Dubravka. Problematika znanstvenih i stru\u010dnih informacija i dokumenata u splitskoj regiji s osobitim obzirom na ulogu Nau\u010dne biblioteke u Splitu. Magistarski rad. Sveu\u010dili\u0161te u Zagrebu, 1975.<\/p>\n<p>Bo\u0161njak, Dubravka. Izgradnja INDOK sistema \/\/ Slobodna Dalmacija, 13.07. 1977<\/p>\n<p>Bo\u0161njak, Dubravka. Informacije \u2013 zna\u010dajan faktor u progresu splitske regije. \/\/ Slobodna Dalmacija, 17.09.1977.<\/p>\n<p>Bo\u0161njak, Dubravka. Sedamdesetpeta godi\u0161njica Nau\u010dne biblioteke u Splitu. \/\/ Slobodna Dalmacija, 22.04.1978.<\/p>\n<p>Bo\u0161njak, Dubravka. Na rubu suvremenosti \/\/ Slobodna Dalmacija, 15.03.1980.<\/p>\n<p>Bo\u0161njak, Dubravka. Problematika biblioteka na podru\u010dju dalmatinske regije s obzirom na postoje\u0107e stanje i mogu\u0107nosti razvitka. \/\/ Bibliote\u010dno-informacijski centri u dru\u0161tveno-politi\u010dkoj zajednici. Vara\u017edin : Hrvatsko bibliotekarsko dru\u0161tvo, 1981., str.63-65.<\/p>\n<p>Bo\u0161njak, Dubravka. In memoriam prof. Hrvoju Morovi\u0107u (1914-1982). \/\/ Vjesnik bibliotekara Hrvatske 26, 1\/4(1982), 229-233.<\/p>\n<p>Bo\u0161njak, Dubravka. Bibliografija radova prof. Hrvoja Morovi\u0107a. \/\/ \u010cakavska ri\u010d, 11, 1-2(1983)<\/p>\n<p>Bo\u0161njak, Dubravka. Izlo\u017eba u povodu osamdesete obljetnice Nau\u010dne biblioteke u Splitu. \/\/ Bilten BIS, Zagreb, br. 15(19), 1984., 19-21.<\/p>\n<p>Bo\u0161njak, Dubravka. Juri\u0107, \u0160ime. Inkunabule u zadarskim knji\u017enicama. Zadar, Dru\u0161tvo bibliotekara Zadar. Zagreb : Nacionalna i sveu\u010dili\u0161na biblioteka, 1985. \/\/ Vjesnik bibliotekara Hrvatske 27, 1\/4(1985), 234-235.<\/p>\n<p>Bo\u0161njak, Dubravka. Stotinu poklonjenih primjeraka. \/\/ Slobodna Dalmacija, 16.VII.1988.<\/p>\n<p>Bo\u0161njak, Dubravka. Arhivska zbirka Nau\u010dne biblioteke u Splitu. \/\/ Gra\u0111a i prilozi za povijest Dalmacije, 11(1990), 227-231.<\/p>\n<p>Bo\u0161njak, Dubravka. Prikaz rukopisa Nau\u010dne biblioteke u Splitu. \/\/ Kulturna ba\u0161tina 15, 20(1990), 71-80.<\/p>\n<p>Bo\u0161njak, Dubravka. Problematika znanstvenih i stru\u010dnih informacija na podru\u010dju op\u0107ine Split. \/\/ Glasnik Dru\u0161tva bibliotekara Split, 1(1990), 71-76.<\/p>\n<p><strong>Izvori<\/strong><\/p>\n<p>O Dubravki Bo\u0161njak napisan je kratki pregled profesionalnog \u017eivota i rada u \u201eVjesniku bibliotekara Hrvatske\u201c, te u \u201eSpomenici Hrvatskog knji\u017eni\u010darskog dru\u0161tva.\u201c Kako su ti napisi relativno kratki i uop\u0107eni, te\u0161ko je dobiti pregled cjelokupnih njenih aktivnosti i njihovog zna\u010denja za splitsko, ali i hrvatsko knji\u017eni\u010darstvo u cjelini. U tom kontekstu izuzetno je dobrodo\u0161la bibliografija njenih radova koja je objavljena u \u201eGlasniku Dru\u0161tva bibliotekara Split.\u201c Kada se neki rad bude iscrpnije bavio razvojem knji\u017eni\u010darstva u Dalmaciji, neizostavno \u0107e biti potrebno dodatno pro\u0161iriti i adekvatno valorizirati doprinos Dubravke Bo\u0161njak.<\/p>\n<p>Dubravka Bo\u0161njak. \/\/ Vjesnik bibliotekara Hrvatske, 27, 1\/4(1983-1984), 155-156.<\/p>\n<p>Bibliografije \u010dlanova. Dubravka Bo\u0161njak. \/\/ Glasnik Dru\u0161tva bibliotekara Split, 4(1996.), 103-109.<\/p>\n<p>Se\u010di\u0107, Dora. Dobitnici Kukuljevi\u0107eve povelje \/\/ Hrvatsko knji\u017eni\u010darsko dru\u0161tvo 14.III. 1940. \u2013 14. III. 2000. : spomenica \/ uredila Daniela \u017divkovi\u0107\u2026\/et al.\/. Zagreb : Hrvatsko knji\u017eni\u010darsko dru\u0161tvo, 2000., 139.<\/p>\n<p>Kova\u010di\u0107, Mihaela: In memoriam \/\/ Glasnik Dru\u0161tva Bibliotekara Split, 3(2024), 161-162.<\/p>\n","protected":false},"excerpt":{"rendered":"<p>Biografija Ro\u0111ena je 1930. godine u Povljanima na otoku Bra\u010du, a preminula 2021. u Splitu. Nakon mature u splitskoj gimnaziji, 1949. godine zaposlila se sa srednjom stru\u010dnom spremom u splitskoj Gradskoj biblioteci. Nakon diplomiranja na studiju arheologije zapo\u0161ljava se Gradskoj biblioteci u Splitu, kao bibliotekar-katalogizator. Po\u010detak njenog rada na tom podru\u010dju knji\u017eni\u010darstva poklopio se sa [&hellip;]<\/p>\n","protected":false},"author":1,"featured_media":0,"parent":0,"menu_order":0,"comment_status":"closed","ping_status":"closed","template":"","meta":{"footnotes":""},"class_list":["post-438","page","type-page","status-publish","hentry"],"_links":{"self":[{"href":"https:\/\/kpkk.hkdrustvo.hr\/index.php\/wp-json\/wp\/v2\/pages\/438","targetHints":{"allow":["GET"]}}],"collection":[{"href":"https:\/\/kpkk.hkdrustvo.hr\/index.php\/wp-json\/wp\/v2\/pages"}],"about":[{"href":"https:\/\/kpkk.hkdrustvo.hr\/index.php\/wp-json\/wp\/v2\/types\/page"}],"author":[{"embeddable":true,"href":"https:\/\/kpkk.hkdrustvo.hr\/index.php\/wp-json\/wp\/v2\/users\/1"}],"replies":[{"embeddable":true,"href":"https:\/\/kpkk.hkdrustvo.hr\/index.php\/wp-json\/wp\/v2\/comments?post=438"}],"version-history":[{"count":2,"href":"https:\/\/kpkk.hkdrustvo.hr\/index.php\/wp-json\/wp\/v2\/pages\/438\/revisions"}],"predecessor-version":[{"id":451,"href":"https:\/\/kpkk.hkdrustvo.hr\/index.php\/wp-json\/wp\/v2\/pages\/438\/revisions\/451"}],"wp:attachment":[{"href":"https:\/\/kpkk.hkdrustvo.hr\/index.php\/wp-json\/wp\/v2\/media?parent=438"}],"curies":[{"name":"wp","href":"https:\/\/api.w.org\/{rel}","templated":true}]}}