{"id":520,"date":"2026-04-23T12:50:59","date_gmt":"2026-04-23T12:50:59","guid":{"rendered":"https:\/\/kpkk.hkdrustvo.hr\/?page_id=520"},"modified":"2026-04-23T12:53:39","modified_gmt":"2026-04-23T12:53:39","slug":"popis-dostupnih-radova-furlan","status":"publish","type":"page","link":"https:\/\/kpkk.hkdrustvo.hr\/index.php\/popis-dostupnih-radova-furlan\/","title":{"rendered":"Popis dostupnih radova &#8211; Furlan"},"content":{"rendered":"<p>Furlan, Branka. Vrijedan priru\u010dnik za narodne biblioteke \/\/ Vjesnik bibliotekara Hrvatske, 4, 1\/4(1955\/57), 132-135.<\/p>\n<p>Furlan, Branka. Na\u0161e slikovnice na me\u0111unarodnoj izlo\u017ebi u Schevingenu \/\/ Vjesnik bibliotekara Hrvatske, 4, 1\/4(1955-57), 172.<\/p>\n<p>Furlan, Branka. Dje\u010dje biblioteke u Danskoj \/\/ Vjesnik bibliotekara Hrvatske, 5, 1\/4(1958-59), 59-70.<\/p>\n<p>Furlan, Branka. KonferenzzuFragenderArbeit mit demKinderbuch in denallgemeinenoeffentlichenBibliothekender DDR in Schwerinvom 10-13. November 1959. (\u201eDerBibliothekar\u201c, sonderheftMaerz 1960.) \/\/ Vjesnik bibliotekara Hrvatske, 7, 1\/2(1961), 81-85.<\/p>\n<p>Furlan, Branka. Stanje i problemi dje\u010djih knji\u017enica grada\u00a0 Zagreba. Resume (Savjetovanje o dje\u010djim knji\u017enicama, Zagreb, 4.11.1961.) \/\/ Vjesnik bibliotekara Hrvatske, 7, 3\/4(1961), 181-189.<\/p>\n<p>Furlan, Branka. International Youth Library. Internationale Jugendbibliothek. Biblioteque Internationale pour\u00a0 la Jeunesse \/\/ Vjesnik bibliotekara Hrvatske, 8, 3\/4(1962), 188-191.<\/p>\n<p>Furlan, Branka. Izlo\u017eba dje\u010djih i omladinskih knjiga Jugoslavije u Internacionalnoj\u00a0 dje\u010djoj i omladinskoj biblioteci u Muenchenu (11. velja\u010de \u2013 4. o\u017eujka 1963.) \/\/ Vjesnik bibliotekara Hrvatske, 9, 1\/2 (1963), 64-66.<\/p>\n<p>Furlan, Branka. Izdava\u010dka djelatnost za djecu : prva godi\u0161nja izlo\u017eba dje\u010dje i omladinske knjige u Gradskoj knji\u017enici u Zagrebu (12.-18. Prosinca 1963.) Resume \/\/ Vjesnik bibliotekara Hrvatske, 9, 3\/4 (1963), 100-110.<\/p>\n<p>Furlan, Branka. Savjetovanje bibliotekara dje\u010djih biblioteka \/\/ Vjesnik bibliotekara Hrvatske, 9, 3\/4 (1963), 149.<\/p>\n<p>Furlan, Branka. Osnovana komisija za dje\u010dje biblioteke Saveza dru\u0161tava bibliotekara Jugoslavije \/\/ Vjesnik bibliotekara Hrvatske, 10, 1\/2 (1964), 71.<\/p>\n<p>Furlan, Branka. Izlo\u017eba dje\u010dje knjige u Gradskoj knji\u017enici u Zagrebu \/\/ Vjesnik bibliotekara Hrvatske, 10, 3\/4 (1964), 142.<\/p>\n<p>Furlan, Branka. Suradnja dje\u010djih knji\u017enica. U povodu seminara za dje\u010dje knji\u017enice, 18-20 sije\u010dnja 1965. \/\/ Vjesnik bibliotekara Hrvatske, 11, 1\/2(1965), 62-66.<\/p>\n<p>Furlan, Branka. Simpozij o dje\u010djoj literaturi \/\/ Vjesnik bibliotekara Hrvatske, 11, 1\/2(1965), 71.<\/p>\n<p>Furlan, Branka. Currenttrends in public libraryservice to children. Librarytrends, 12, 1(1963) \/\/ Vjesnik bibliotekara Hrvatske, 11, 1\/2(1965), 101-107.<\/p>\n<p>Furlan, Branka. Omladinska knjiga na Istoku i Zapadu : dvanaesto savjetovanje o omladinskoj knjizi u Internacionalnom institutu Mainau 13-21. IV 1966. \/\/ Vjesnik bibliotekara Hrvatske, 12, 1\/2(1966), 56-57.<\/p>\n<p>Vukovi\u0107, Vi\u0161nja; Furlan, Branka. HandbuchdesBuechereiwesens. Wiesbaden 1965. \/\/ Vjesnik bibliotekara Hrvatske, 12, 1\/2(1966), 65-77.<\/p>\n<p>Furlan, Branka. Deseti kongres Me\u0111unarodnog saveza za dje\u010dju i omladinsku knjigu, Ljubljana 1966. \/\/ Vjesnik bibliotekara Hrvatske, 12, 3\/4(1966), 143.<\/p>\n<p>Furlan, Branka. Izlo\u017eba sovjetske dje\u010dje knjige u Zagrebu . \/\/ Vjesnik bibliotekara Hrvatske, 12, 3\/4(1966), 143-144.<\/p>\n<p>Furlan, Branka. Godi\u0161nja izlo\u017eba dje\u010dje knjige u Gradskoj knji\u017enici u Zagrebu \/\/ Vjesnik bibliotekara Hrvatske, 13, 1\/2(1967), 69.<\/p>\n<p>Furlan, Branka. Unapre\u0111enje rada u bibliotekama za djecu. Resume \/\/ Vjesnik bibliotekara Hrvatske, 14, 1\/2(1968), 83-95.<\/p>\n<p>Furlan, Branka. Utjecaj Dru\u0161tva bibliotekara Hrvatske na razvoj dje\u010djih knji\u017enica u Hrvatskoj \/\/ Vjesnik bibliotekara Hrvatske, 14, 3\/4(1968), 277-280.<\/p>\n<p>Furlan, Branka. Ponovno o \u0161kolskim knji\u017enicama : odjeljenske knji\u017enice? Resume \/\/ Vjesnik bibliotekara Hrvatske, 15, 1\/2(1969), 15-26.<\/p>\n<p>Furlan, Branka; Ko\u0161uti\u0107-Brozovi\u0107 Nevenka; Mil\u010deti\u0107 Vanda. Kolegij o osnovama bibliotekarstva na pedago\u0161kim akademijama u Hrvatskoj \/\/ Vjesnik bibliotekara Hrvatske, 15, 3\/4(1969), 165-168.<\/p>\n<p>Furlan, Branka. Me\u0111unarodna smotra Bienale ilustracije u Bratislavi \/\/ Vjesnik bibliotekara Hrvatske, 15, 3\/4(1969), 170.<\/p>\n<p>Furlan, Branka. Seminar za \u0161kolske knji\u017eni\u010dare u Pazinu \/\/ Vjesnik bibliotekara Hrvatske, 15, 1\/2(1969), 170.<\/p>\n<p>Furlan, Branka. XXI. Kongres IBBYja : Bologna, 3-6. Iv 1970. \/\/ Vjesnik bibliotekara Hrvatske, 16, 1\/2(1970), 55-56.<\/p>\n<p>Furlan, Branka. Vera Mudri-\u0160kunca novi direktor Gradske knji\u017enice Zagreb \/\/ Vjesnik bibliotekara Hrvatske, 16, 3\/4(1970), 150-151.<\/p>\n<p>Furlan, Branka. 36. Zasjedanje Me\u0111unarodne federacije bibliotekarskih dru\u0161tava \/\/ Vjesnik bibliotekara Hrvatske, 16, 3\/4(1970), 154-161.<\/p>\n<p>Furlan, Branka. Izlo\u017eba dje\u010dje knjige 1970. godine u Gradskoj knji\u017enici u Zagrebu \/\/ Vjesnik bibliotekara Hrvatske, 16, 3\/4(1970), 163-164.<\/p>\n<p>Furlan, Branka. JellaLepman \/\/ Vjesnik bibliotekara Hrvatske, 17, 1\/2(1971), 70-71.<\/p>\n<p>Furlan, Branka. Seminari za voditelje knji\u017enica osnovnih \u0161kola \/\/ Vjesnik bibliotekara Hrvatske, 17, 1\/2(1971), 104-105.<\/p>\n<p>Furlan, Branka. Nagrade H. Ch. Andersen za 1972. \/\/ Vjesnik bibliotekara Hrvatske, 17, 3\/4(1971), 211-212.<\/p>\n<p>Furlan, Branka. Dje\u010dja knjiga \u2013 podru\u010dje suradnje u zemlji i svijetu. Resume. \/\/ Vjesnik bibliotekara Hrvatske, 18, 1\/2(1972),13-21.<\/p>\n<p>Furlan, Branka. Savjetovanje \u201eUloga dje\u010djih biblioteka u odgoju djece \/\/ Vjesnik bibliotekara Hrvatske, 18, 3\/4(1972), 143-144.<\/p>\n<p>Furlan, Branka. Deveta godi\u0161nja izlo\u017eba dje\u010dje knjige u Gradskoj knji\u017enici Zagreb \/\/ Vjesnik bibliotekara Hrvatske, 18, 3\/4(1972), 144-145.<\/p>\n<p>Furlan, Branka. 39. zasjedanje Me\u0111unarodne federacije bibliotekarskih dru\u0161tava, Grenoble 25. VIII-1.IX 1973. \/\/ Vjesnik bibliotekara Hrvatske, 19, 1\/4(1973), 72-83.<\/p>\n<p>Bla\u017eekovi\u0107 Tatjana; Furlan, Branka. Knji\u017enica osnovne \u0161kole. Zagreb : \u0160kolska knjiga, 1974.<\/p>\n<p>&nbsp;<\/p>\n","protected":false},"excerpt":{"rendered":"<p>Furlan, Branka. Vrijedan priru\u010dnik za narodne biblioteke \/\/ Vjesnik bibliotekara Hrvatske, 4, 1\/4(1955\/57), 132-135. Furlan, Branka. Na\u0161e slikovnice na me\u0111unarodnoj izlo\u017ebi u Schevingenu \/\/ Vjesnik bibliotekara Hrvatske, 4, 1\/4(1955-57), 172. Furlan, Branka. Dje\u010dje biblioteke u Danskoj \/\/ Vjesnik bibliotekara Hrvatske, 5, 1\/4(1958-59), 59-70. Furlan, Branka. KonferenzzuFragenderArbeit mit demKinderbuch in denallgemeinenoeffentlichenBibliothekender DDR in Schwerinvom 10-13. November [&hellip;]<\/p>\n","protected":false},"author":1,"featured_media":0,"parent":0,"menu_order":0,"comment_status":"closed","ping_status":"closed","template":"","meta":{"footnotes":""},"class_list":["post-520","page","type-page","status-publish","hentry"],"_links":{"self":[{"href":"https:\/\/kpkk.hkdrustvo.hr\/index.php\/wp-json\/wp\/v2\/pages\/520","targetHints":{"allow":["GET"]}}],"collection":[{"href":"https:\/\/kpkk.hkdrustvo.hr\/index.php\/wp-json\/wp\/v2\/pages"}],"about":[{"href":"https:\/\/kpkk.hkdrustvo.hr\/index.php\/wp-json\/wp\/v2\/types\/page"}],"author":[{"embeddable":true,"href":"https:\/\/kpkk.hkdrustvo.hr\/index.php\/wp-json\/wp\/v2\/users\/1"}],"replies":[{"embeddable":true,"href":"https:\/\/kpkk.hkdrustvo.hr\/index.php\/wp-json\/wp\/v2\/comments?post=520"}],"version-history":[{"count":2,"href":"https:\/\/kpkk.hkdrustvo.hr\/index.php\/wp-json\/wp\/v2\/pages\/520\/revisions"}],"predecessor-version":[{"id":524,"href":"https:\/\/kpkk.hkdrustvo.hr\/index.php\/wp-json\/wp\/v2\/pages\/520\/revisions\/524"}],"wp:attachment":[{"href":"https:\/\/kpkk.hkdrustvo.hr\/index.php\/wp-json\/wp\/v2\/media?parent=520"}],"curies":[{"name":"wp","href":"https:\/\/api.w.org\/{rel}","templated":true}]}}