{"id":72,"date":"2025-05-28T07:13:04","date_gmt":"2025-05-28T07:13:04","guid":{"rendered":"https:\/\/kpkk.hkdrustvo.hr\/?page_id=72"},"modified":"2025-10-30T10:18:34","modified_gmt":"2025-10-30T10:18:34","slug":"leksikon","status":"publish","type":"page","link":"https:\/\/kpkk.hkdrustvo.hr\/index.php\/leksikon\/","title":{"rendered":"Leksikon"},"content":{"rendered":"<form role=\"search\" method=\"get\" action=\"https:\/\/kpkk.hkdrustvo.hr\/\" class=\"wp-block-search__button-inside wp-block-search__icon-button wp-block-search\"    ><label class=\"wp-block-search__label screen-reader-text\" for=\"wp-block-search__input-1\" >Pretraga<\/label><div class=\"wp-block-search__inside-wrapper\" ><input class=\"wp-block-search__input\" id=\"wp-block-search__input-1\" placeholder=\"\" value=\"\" type=\"search\" name=\"s\" required \/><button aria-label=\"Pretraga\" class=\"wp-block-search__button has-icon wp-element-button\" type=\"submit\" ><svg class=\"search-icon\" viewBox=\"0 0 24 24\" width=\"24\" height=\"24\">\n\t\t\t\t\t<path d=\"M13 5c-3.3 0-6 2.7-6 6 0 1.4.5 2.7 1.3 3.7l-3.8 3.8 1.1 1.1 3.8-3.8c1 .8 2.3 1.3 3.7 1.3 3.3 0 6-2.7 6-6S16.3 5 13 5zm0 10.5c-2.5 0-4.5-2-4.5-4.5s2-4.5 4.5-4.5 4.5 2 4.5 4.5-2 4.5-4.5 4.5z\"><\/path>\n\t\t\t\t<\/svg><\/button><\/div><\/form><p><strong>A<\/strong><\/p>\r\n<p><a href=\"https:\/\/kpkk.hkdrustvo.hr\/index.php\/anzulovic-neda-1921-2020\/\">ANZULOVI\u0106, Neda (1921. \u2013 1920.)<\/a><\/p>\r\n<p><strong>B<\/strong><\/p><p><a href=\"https:\/\/kpkk.hkdrustvo.hr\/index.php\/basic-ana-1931-1996\/\" data-type=\"page\" data-id=\"167\">BA\u0160I\u0106, Ana (1931. \u2013 1996.)<\/a><\/p><p><a href=\"https:\/\/kpkk.hkdrustvo.hr\/index.php\/blazekovic-tatjana-1918-2011\/\">BLA\u017dEKOVI\u0106, Tatjana (1918. \u2013 2011.)<\/a><\/p>\r\n<p><a href=\"https:\/\/kpkk.hkdrustvo.hr\/index.php\/bonifacic-vera-1918-1985\/\">BONIFA\u010cI\u0106, Vera (1918. \u2013 1985.)<\/a><\/p>\r\n<p><a href=\"https:\/\/kpkk.hkdrustvo.hr\/index.php\/bosnjak-dubravka-1930-2021\/\">BO\u0160NJAK, Dubravka (1930. \u2013 2021.)<\/a><\/p>\r\n<p><strong>\u010c<\/strong><\/p><p><a href=\"https:\/\/kpkk.hkdrustvo.hr\/index.php\/cuckovic-dana-1892-1978\/\" data-type=\"page\" data-id=\"171\">\u010cU\u010cKOVI\u0106, Dana (1892. \u2013 1978.)<\/a><\/p><p><strong>F<\/strong><\/p><p><a href=\"https:\/\/kpkk.hkdrustvo.hr\/index.php\/furlan-branka-1922-1978\/\">FURLAN, Branka (1922. \u2013 1978.)\u00a0<\/a><\/p><p><strong>H<\/strong><\/p><p><a href=\"https:\/\/kpkk.hkdrustvo.hr\/index.php\/hergesic-branka-1910-1997\/\" data-type=\"page\" data-id=\"196\">HERGE\u0160I\u0106, Branka (1910. \u2013 1997.)<\/a><\/p><p>&nbsp;<\/p><p><strong>K<\/strong><\/p><p><a href=\"https:\/\/kpkk.hkdrustvo.hr\/index.php\/kucera-elza-elsa-elizabeta-1883-1972\/\" data-type=\"page\" data-id=\"200\">KU\u010cERA, Elza (Elsa, Elizabeta) (1883. \u2013 1972.)<\/a><\/p><p><strong>M<\/strong><\/p><p><a href=\"https:\/\/kpkk.hkdrustvo.hr\/index.php\/malbasa-marija-1909-1995\/\" data-type=\"page\" data-id=\"185\">MALBA\u0160A, Marija (1909. \u2013 1995.)<\/a><\/p><p><a href=\"https:\/\/kpkk.hkdrustvo.hr\/index.php\/markic-cucukovic-ljerka-1919-1997\/\" data-type=\"page\" data-id=\"205\">MARKI\u0106-\u010cU\u010cUKOVI\u0106, Ljerka (1919. \u2013 1997.)<\/a><\/p><p>&nbsp;<\/p>\r\n<p><strong>P<\/strong><\/p>\r\n<p><a href=\"https:\/\/kpkk.hkdrustvo.hr\/index.php\/pavlinic-silva-1946-2006\/\">PAVLINI\u0106, Silva (1946. \u2013 2006.)<\/a><\/p>","protected":false},"excerpt":{"rendered":"<p>A ANZULOVI\u0106, Neda (1921. \u2013 1920.) B BA\u0160I\u0106, Ana (1931. \u2013 1996.) BLA\u017dEKOVI\u0106, Tatjana (1918. \u2013 2011.) BONIFA\u010cI\u0106, Vera (1918. \u2013 1985.) BO\u0160NJAK, Dubravka (1930. \u2013 2021.) \u010c \u010cU\u010cKOVI\u0106, Dana (1892. \u2013 1978.) F FURLAN, Branka (1922. \u2013 1978.)\u00a0 H HERGE\u0160I\u0106, Branka (1910. \u2013 1997.) &nbsp; K KU\u010cERA, Elza (Elsa, Elizabeta) (1883. \u2013 1972.) M [&hellip;]<\/p>\n","protected":false},"author":1,"featured_media":0,"parent":0,"menu_order":0,"comment_status":"closed","ping_status":"closed","template":"","meta":{"footnotes":""},"class_list":["post-72","page","type-page","status-publish","hentry"],"_links":{"self":[{"href":"https:\/\/kpkk.hkdrustvo.hr\/index.php\/wp-json\/wp\/v2\/pages\/72","targetHints":{"allow":["GET"]}}],"collection":[{"href":"https:\/\/kpkk.hkdrustvo.hr\/index.php\/wp-json\/wp\/v2\/pages"}],"about":[{"href":"https:\/\/kpkk.hkdrustvo.hr\/index.php\/wp-json\/wp\/v2\/types\/page"}],"author":[{"embeddable":true,"href":"https:\/\/kpkk.hkdrustvo.hr\/index.php\/wp-json\/wp\/v2\/users\/1"}],"replies":[{"embeddable":true,"href":"https:\/\/kpkk.hkdrustvo.hr\/index.php\/wp-json\/wp\/v2\/comments?post=72"}],"version-history":[{"count":27,"href":"https:\/\/kpkk.hkdrustvo.hr\/index.php\/wp-json\/wp\/v2\/pages\/72\/revisions"}],"predecessor-version":[{"id":444,"href":"https:\/\/kpkk.hkdrustvo.hr\/index.php\/wp-json\/wp\/v2\/pages\/72\/revisions\/444"}],"wp:attachment":[{"href":"https:\/\/kpkk.hkdrustvo.hr\/index.php\/wp-json\/wp\/v2\/media?parent=72"}],"curies":[{"name":"wp","href":"https:\/\/api.w.org\/{rel}","templated":true}]}}