{"id":82,"date":"2025-05-28T07:37:34","date_gmt":"2025-05-28T07:37:34","guid":{"rendered":"https:\/\/kpkk.hkdrustvo.hr\/?page_id=82"},"modified":"2026-03-19T14:56:04","modified_gmt":"2026-03-19T14:56:04","slug":"o-nama","status":"publish","type":"page","link":"https:\/\/kpkk.hkdrustvo.hr\/index.php\/o-nama\/","title":{"rendered":"O nama"},"content":{"rendered":"<p><strong>KOMISIJA ZA POVIJEST KNJIGE I KNJI\u017dNICA (HRVATSKO KNJI\u017dNI\u010cARSKO DRU\u0160TVO)<\/strong><\/p><p>Pri Hrvatskom knji\u017eni\u010darskom dru\u0161tvu vi\u0161e desetlje\u0107a uspje\u0161no djeluje Komisija za povijest knjige i knji\u017enica. Prvotni naziv Komisija za povijest knji\u017enica 1997. godine promijenjen je u Komisija za povijest knjige i knji\u017enica. Djeluje kroz Sekciju za zbirke i slu\u017ebe.<br \/>Prvi ve\u0107i projekt koji je inicirala Komisija osamdesetih godina bio je popisivanje knjiga tiskanih u 16. stolje\u0107u u hrvatskim knji\u017enicama.<br \/>Kada je devedesetih godina za\u017eivjela strojna obradba knji\u017ene gra\u0111e u hrvatskim knji\u017enicama Komisija je definira dugoro\u010dni projekt: Skupni katalog starih knjiga u hrvatskim knji\u017enicama. Na njegovom poticanju, osmi\u0161ljavanju i realizaciji trebali su raditi \u010dlanovi Komisije iz cijele hrvatske knji\u017eni\u010darske zajednice, a zapo\u010deo je retrospektivnom katalogizacijom i konverzijom fondova hrvatskih latinista i inkunabula, kao temeljem skupnog kataloga.<br \/>Rezultati su, osim registraciji tiskane ba\u0161tine, trebali poslu\u017eiti i za njenu za\u0161titu, za izradbu nacionalne bibliografije knjiga tiskanih 1483.-1835. te istra\u017eivanje povijesti knjige, pismenosti i \u010ditanja.<br \/>Znatan napredak u obradbi fondova stare i rijetke gra\u0111e bio je prijevod ISBD(A) : Me\u0111unarodnog standardnog bibliografskog opisa starih ome\u0111enih publikacija (antikvarnih) koji je 1995. prevela i popratila odabranim primjerima Tinka Kati\u0107, te dopune UNIMARC-a za strojno \u010ditljivo katalogiziranje starih knjiga. Komisija je poticala intenzivniju standardiziranu obradbu stare i rijetke gra\u0111e \u0161to je rezultiralo njenom dostupno\u0161\u0107u on line i\/ili preko tiskanih kataloga.<\/p><p><strong>\u010cLANOVI KOMISIJE ZA POVIJEST KNJIGE I KNJI\u017dNICA<\/strong><\/p><p><strong>Redovni \u010dlanovi<\/strong><\/p><h5 class=\"wp-block-heading\">1. dr. sc. BERISLAV \u010cOVI\u0106, predsjednik<\/h5><p>Mati\u010dna ustanova: Knji\u017enica Filozofskog fakulteta u Zagrebu<br \/>Adresa: I. Lu\u010di\u0107a 3, Zagreb<br \/>Email: bcovic@ffzg.unizg.hr<br \/>Telefon: 01\/4092 390<\/p><p>Zagreba\u010dko knji\u017eni\u010darsko dru\u0161tvo<\/p><h6 class=\"wp-block-heading\">________________________________________________________________________________________________________________<\/h6><h5 class=\"wp-block-heading\">2. dr. sc KSENIJA \u0160VENDA-RADELJAK, zamjenica predsjednika<\/h5><p>Mati\u010dna ustanova: Pravni fakultet u Zagrebu, Knji\u017enica Studijskog centra socijalnog rada<br \/>Adresa: Nazorova 51, Zagreb<br \/>Email: ksenija.svenda.radeljak@pravo.unizg.hr<br \/>Telefon: 01\/4895 832<\/p><p>Zagreba\u010dko knji\u017eni\u010darsko dru\u0161tvo<\/p><h6 class=\"wp-block-heading\">________________________________________________________________________________________________________________<\/h6><h5 class=\"wp-block-heading\">3. MIHAELA KOVA\u010cI\u0106<\/h5><p>Mati\u010dna ustanova: Sveu\u010dili\u0161na knji\u017enica u Splitu<br \/>Adresa: Ru\u0111era Bo\u0161kovi\u0107a 31, Split<br \/>Email: mihaela@svkst.hr<br \/>Telefon: 021\/434 830<\/p><p>Dru\u0161tvo knji\u017eni\u010dara u Splitu<\/p><h6 class=\"wp-block-heading\">________________________________________________________________________________________________________________<\/h6><h5 class=\"wp-block-heading\">4. RU\u017dICA BE\u0160LI\u0106 GRBE\u0160I\u0106<\/h5><p>Mati\u010dna ustanova: Knji\u017enica hrvatskih studija Sveu\u010dili\u0161ta u Zagrebu<br \/>Adresa: Borongajska cesta 83D, Zagreb<br \/>Email: rgrbesic@fhs.unizg.hr<\/p><p>Zagreba\u010dko knji\u017eni\u010darsko dru\u0161tvo<\/p><h6 class=\"wp-block-heading\">________________________________________________________________________________________________________________<\/h6><h5 class=\"wp-block-heading\">5. dr. sc. IRENA GALI\u0106 BE\u0160KER<\/h5><p>Mati\u010dna ustanova: Nacionalna i sveu\u010dili\u0161na knji\u017enica u Zagrebu<br \/>Adresa: Hrvatska bratske zajednice 4, Zagreb<br \/>Email: igalicbesker@nsk.hr<br \/>Telefon: 01\/6164 281<\/p><p>Zagreba\u010dko knji\u017eni\u010darsko dru\u0161tvo<\/p><h6 class=\"wp-block-heading\">________________________________________________________________________________________________________________<\/h6><h5 class=\"wp-block-heading\">6. TINA BAK\u0160AJ HUNJADI<\/h5><p>Mati\u010dna ustanova: Gradska knji\u017enica i \u010ditaonica \u201eMetel O\u017eegovi\u0107\u201c Vara\u017edin<br \/>Adresa: Franjeva\u010dki trg 4, Vara\u017edin<br \/>Email: tbaksaj@gmail.com<\/p><p>Knji\u017eni\u010darsko dru\u0161tvo Vara\u017edinske \u017eupanije<\/p><h6 class=\"wp-block-heading\">________________________________________________________________________________________________________________<\/h6><h5 class=\"wp-block-heading\">7. DAVOR FERKOVI\u0106<\/h5><p>Mati\u010dna ustanova: Knji\u017enice grada Zagreba<br \/>Adresa: Star\u010devi\u0107ev trg 6, Zagreb<br \/>Email: davor.ferkovic@kgz.hr<br \/>Telefon: 01\/4694 340<\/p><p>Zagreba\u010dko knji\u017eni\u010darsko dru\u0161tvo<\/p><h6 class=\"wp-block-heading\">________________________________________________________________________________________________________________<\/h6><h5 class=\"wp-block-heading\">8. dr. sc. ZDRAVKO PALAVRA<\/h5><p>Mati\u010dna ustanova: Nadbiskupska klasi\u010dna gimnazija s pravom javnosti<br \/>Adresa: Vo\u0107arska 106, Zagreb<br \/>Email: zdravko.palavra@skole.hr<\/p><p>Zagreba\u010dko knji\u017eni\u010darsko dru\u0161tvo<\/p><h6 class=\"wp-block-heading\">________________________________________________________________________________________________________________<\/h6><h5 class=\"wp-block-heading\">9. MARIJA MILETI\u0106<\/h5><p>Mati\u010dna ustanova: Pomorska \u0161kola Bakar<br \/>Adresa: Nauti\u010dka 14, Bakar<br \/>Email: marija.miletic6@skole.hr<\/p><p>Knji\u017eni\u010darsko dru\u0161tvo Rijeka<\/p><h6 class=\"wp-block-heading\">________________________________________________________________________________________________________________<\/h6><h5 class=\"wp-block-heading\">10. dr. sc. NADA TOPI\u0106<\/h5><p>Mati\u010dna ustanova: Gradska knji\u017enica Marka Maruli\u0107a<br \/>Adresa: Ulica slobode 2, Split<br \/>Email: ntopic@gkmm.hr<br \/>Telefon: 021\/685013<\/p><p>Dru\u0161tvo knji\u017eni\u010dara u Splitu<\/p><h6 class=\"wp-block-heading\">________________________________________________________________________________________________________________<\/h6><h5 class=\"wp-block-heading\">11. MIHAELA \u0160IMAT<\/h5><p>Mati\u010dna ustanova: Znanstvena knji\u017enica Sveu\u010dili\u0161ta u Zadru<br \/>Adresa: Ante Kuzmi\u0107a 3, Zadar<br \/>Email: msimat@unizd.hr<\/p><p>Dru\u0161tvo knji\u017eni\u010dara Zadar<\/p><h6 class=\"wp-block-heading\">________________________________________________________________________________________________________________<\/h6><p><strong>Pridru\u017eeni \u010dlanovi<\/strong><\/p><h5 class=\"wp-block-heading\">12. MARIJANA \u0160POLJARI\u0106 KIZIVAT<\/h5><p>Mati\u010dna ustanova: Gradska i sveu\u010dili\u0161na knji\u017enica Osijek<br \/>Adresa: Europska avenija 21, Osijek<br \/>Email: mspoljaric@gskos.hr<\/p><p>Dru\u0161tvo knji\u017eni\u010dara Slavonije, Baranje i Srijema<\/p><h6 class=\"wp-block-heading\">________________________________________________________________________________________________________________<\/h6><h5 class=\"wp-block-heading\">13. ANDREA HORI\u0106<\/h5><p>Mati\u010dna ustanova: Pravni fakultet u Zagrebu<br \/>Adresa: Trg Republike Hrvatske 14 (Selska 41), Zagreb<br \/>Email: andrea.horic@pravo.hr<br \/>Telefon: 01\/4564 306<\/p><p>Zagreba\u010dko knji\u017eni\u010darsko dru\u0161tvo<\/p>","protected":false},"excerpt":{"rendered":"<p>KOMISIJA ZA POVIJEST KNJIGE I KNJI\u017dNICA (HRVATSKO KNJI\u017dNI\u010cARSKO DRU\u0160TVO) Pri Hrvatskom knji\u017eni\u010darskom dru\u0161tvu vi\u0161e desetlje\u0107a uspje\u0161no djeluje Komisija za povijest knjige i knji\u017enica. Prvotni naziv Komisija za povijest knji\u017enica 1997. godine promijenjen je u Komisija za povijest knjige i knji\u017enica. Djeluje kroz Sekciju za zbirke i slu\u017ebe.Prvi ve\u0107i projekt koji je inicirala Komisija osamdesetih godina [&hellip;]<\/p>\n","protected":false},"author":1,"featured_media":0,"parent":0,"menu_order":0,"comment_status":"closed","ping_status":"closed","template":"","meta":{"footnotes":""},"class_list":["post-82","page","type-page","status-publish","hentry"],"_links":{"self":[{"href":"https:\/\/kpkk.hkdrustvo.hr\/index.php\/wp-json\/wp\/v2\/pages\/82","targetHints":{"allow":["GET"]}}],"collection":[{"href":"https:\/\/kpkk.hkdrustvo.hr\/index.php\/wp-json\/wp\/v2\/pages"}],"about":[{"href":"https:\/\/kpkk.hkdrustvo.hr\/index.php\/wp-json\/wp\/v2\/types\/page"}],"author":[{"embeddable":true,"href":"https:\/\/kpkk.hkdrustvo.hr\/index.php\/wp-json\/wp\/v2\/users\/1"}],"replies":[{"embeddable":true,"href":"https:\/\/kpkk.hkdrustvo.hr\/index.php\/wp-json\/wp\/v2\/comments?post=82"}],"version-history":[{"count":16,"href":"https:\/\/kpkk.hkdrustvo.hr\/index.php\/wp-json\/wp\/v2\/pages\/82\/revisions"}],"predecessor-version":[{"id":511,"href":"https:\/\/kpkk.hkdrustvo.hr\/index.php\/wp-json\/wp\/v2\/pages\/82\/revisions\/511"}],"wp:attachment":[{"href":"https:\/\/kpkk.hkdrustvo.hr\/index.php\/wp-json\/wp\/v2\/media?parent=82"}],"curies":[{"name":"wp","href":"https:\/\/api.w.org\/{rel}","templated":true}]}}