{"id":85,"date":"2025-05-28T07:38:40","date_gmt":"2025-05-28T07:38:40","guid":{"rendered":"https:\/\/kpkk.hkdrustvo.hr\/?page_id=85"},"modified":"2025-07-21T11:12:45","modified_gmt":"2025-07-21T11:12:45","slug":"pridruzite-se","status":"publish","type":"page","link":"https:\/\/kpkk.hkdrustvo.hr\/index.php\/pridruzite-se\/","title":{"rendered":"Pridru\u017eite se"},"content":{"rendered":"<p>Pozivamo sve zainteresirane da nam se pridru\u017ee u izradi Leksikona zaslu\u017enih \u017eena u hrvatskom knji\u017eni\u010darstvu u drugoj polovici 20. stolje\u0107a svojim prilozima.<\/p><p>Priloge mo\u017eete slati na e-mail adrese voditelja projekta dr. sc. Berislava \u010covi\u0107a bcovic@ffzg.unizg.hr i dr. sc. Ksenije \u0160venda-Radeljak ksvenda@pravo.hr.<\/p><p>Priloge je potrebno koncipirati kao biobibliografske jedinice (biografija, bibliografija, izvori) i ukoliko je mogu\u0107e prilo\u017eiti i fotografiju u jpg formatu.<\/p><p>Metodologija istra\u017eivanja i kriteriji vrednovanja dostupni su u opisu <a href=\"https:\/\/kpkk.hkdrustvo.hr\/index.php\/o-projektu\/\">Projekta<\/a>.<\/p><p>Hvala na suradnji!<\/p>","protected":false},"excerpt":{"rendered":"<p>Pozivamo sve zainteresirane da nam se pridru\u017ee u izradi Leksikona zaslu\u017enih \u017eena u hrvatskom knji\u017eni\u010darstvu u drugoj polovici 20. stolje\u0107a svojim prilozima. Priloge mo\u017eete slati na e-mail adrese voditelja projekta dr. sc. Berislava \u010covi\u0107a bcovic@ffzg.unizg.hr i dr. sc. Ksenije \u0160venda-Radeljak ksvenda@pravo.hr. Priloge je potrebno koncipirati kao biobibliografske jedinice (biografija, bibliografija, izvori) i ukoliko je mogu\u0107e [&hellip;]<\/p>\n","protected":false},"author":1,"featured_media":0,"parent":0,"menu_order":0,"comment_status":"closed","ping_status":"closed","template":"","meta":{"footnotes":""},"class_list":["post-85","page","type-page","status-publish","hentry"],"_links":{"self":[{"href":"https:\/\/kpkk.hkdrustvo.hr\/index.php\/wp-json\/wp\/v2\/pages\/85","targetHints":{"allow":["GET"]}}],"collection":[{"href":"https:\/\/kpkk.hkdrustvo.hr\/index.php\/wp-json\/wp\/v2\/pages"}],"about":[{"href":"https:\/\/kpkk.hkdrustvo.hr\/index.php\/wp-json\/wp\/v2\/types\/page"}],"author":[{"embeddable":true,"href":"https:\/\/kpkk.hkdrustvo.hr\/index.php\/wp-json\/wp\/v2\/users\/1"}],"replies":[{"embeddable":true,"href":"https:\/\/kpkk.hkdrustvo.hr\/index.php\/wp-json\/wp\/v2\/comments?post=85"}],"version-history":[{"count":5,"href":"https:\/\/kpkk.hkdrustvo.hr\/index.php\/wp-json\/wp\/v2\/pages\/85\/revisions"}],"predecessor-version":[{"id":268,"href":"https:\/\/kpkk.hkdrustvo.hr\/index.php\/wp-json\/wp\/v2\/pages\/85\/revisions\/268"}],"wp:attachment":[{"href":"https:\/\/kpkk.hkdrustvo.hr\/index.php\/wp-json\/wp\/v2\/media?parent=85"}],"curies":[{"name":"wp","href":"https:\/\/api.w.org\/{rel}","templated":true}]}}